{"id":409,"date":"2013-05-23T12:37:04","date_gmt":"2013-05-23T12:37:04","guid":{"rendered":"https:\/\/tim-ban-bon-phuong.vietdating.us\/?page_id=409"},"modified":"2018-02-11T13:32:12","modified_gmt":"2018-02-11T18:32:12","slug":"lien-he","status":"publish","type":"page","link":"https:\/\/vietdating.us\/blog-vn\/lien-he\/","title":{"rendered":"Li\u00ean h\u1ec7"},"content":{"rendered":"<p>Tony xin c\u00e1m \u01a1n qu\u00ed v\u1ecb \u0111\u00e3 v\u00e0o m\u1ea1ng c\u1ee7a t\u00f4i v\u00e0 \u0111\u1ecdc v\u1ec1 m\u1ee5c t\u00ecm b\u1ea1n b\u1ed1n ph\u01b0\u01a1ng. N\u1ebfu qu\u00ed v\u1ecb c\u00f3 c\u00e2u h\u1ecfi g\u00ec, xin vui l\u00f2ng li\u00ean l\u1ea1c ch\u00fang t\u00f4i t\u1ea1i VietDating.us.<\/p>\n<figure id=\"attachment_2177\" aria-describedby=\"caption-attachment-2177\" style=\"width: 480px\" class=\"wp-caption aligncenter\"><a href=\"https:\/\/tim-ban-bon-phuong.vietdating.us\/lien-he\/tony-tran-vietdating\/\" rel=\"attachment wp-att-2177\"><img loading=\"lazy\" decoding=\"async\" class=\"size-full wp-image-2177\" src=\"https:\/\/tim-ban-bon-phuong.vietdating.us\/wp-content\/uploads\/2018\/02\/Tony-Tran-Vietdating.jpg\" alt=\"Tony Tran Vietdating\" width=\"480\" height=\"640\" srcset=\"https:\/\/vietdating.us\/blog-vn\/wp-content\/uploads\/2018\/02\/Tony-Tran-Vietdating.jpg 480w, https:\/\/vietdating.us\/blog-vn\/wp-content\/uploads\/2018\/02\/Tony-Tran-Vietdating-225x300.jpg 225w\" sizes=\"auto, (max-width: 480px) 100vw, 480px\" \/><\/a><figcaption id=\"caption-attachment-2177\" class=\"wp-caption-text\">Tony Tran Vietdating<\/figcaption><\/figure>\n<p>Trang blog n\u00e0y t\u00f4i thi\u1ebft l\u1eadp v\u1edbi m\u1ee5c \u0111\u00edch l\u00e0 chia s\u1ebb kinh nghi\u1ec7m v\u00e0 hi\u1ec3u bi\u1ebft c\u1ee7a m\u00ecnh v\u1ec1 cu\u1ed9c s\u1ed1ng \u1edf M\u1ef9, chuy\u1ec7n h\u1eb9n h\u00f2 v\u00e0 l\u00e0m quen gi\u1eefa trai v\u00e0 g\u00e1i, v\u00e0 c\u00e1c chuy\u1ec7n li\u00ean quan \u0111\u1ebfn VISA, nh\u1eadp c\u01b0 v\u00e0 di d\u00e2n.<\/p>\n<p>Tony khuy\u00ean qu\u00fd v\u1ecb n\u00ean \u0111\u1ed1i x\u1eef t\u1ed1t v\u1edbi ng\u01b0\u1eddi kh\u00e1c. Kh\u00f4ng n\u00ean h\u1ea1i ng\u01b0\u1eddi n\u00e0o \u0111\u00f3 d\u01b0\u1edbi m\u1ecdi h\u00ecnh th\u1ee9c v\u00e0 kh\u00f4ng n\u00ean l\u00e0m t\u1ed5n thu\u01a1ng \u0111\u1ebfn h\u1ecd. N\u1ebfu ch\u00fang ta \u0111\u1ed1i x\u1eed t\u1ed1t v\u1eddi ng\u01b0\u1eddi kh\u00e1c, th\u00ec ch\u00fang ta s\u1ebb c\u1ea3m th\u1ea5y h\u1ea1nh ph\u00fac cho b\u1ea3n th\u00e2n m\u00ecnh.<\/p>\n<p>Tr\u00ean th\u1ef1c t\u1ebf, c\u01b0 x\u1eed t\u1ed1t v\u1edbi nh\u1eefng ng\u01b0\u1eddi th\u00e2n quen s\u1ebd gi\u00fap c\u1ee7ng c\u1ed1 m\u1ed1i quan h\u1ec7 v\u00e0 l\u00e0m t\u0103ng kh\u1ea3 n\u0103ng ta \u0111\u01b0\u1ee3c h\u1ecd gi\u00fap \u0111\u1ee1 l\u1ea1i khi c\u1ea7n, c\u00f2n c\u01b0 x\u1eed t\u1ed1t v\u1edbi ng\u01b0\u1eddi l\u1ea1 l\u00e0m t\u0103ng m\u1ee9c \u0111\u1ed9 h\u00e0i l\u00f2ng v\u00e0 h\u1ea1nh ph\u00fac c\u0169ng nh\u01b0 nh\u1eadn th\u1ee9c c\u1ee7a ch\u00fang ta v\u1ec1 b\u1ea3n th\u00e2n m\u00ecnh. Nh\u01b0ng trong khi nh\u1eefng m\u1ee5c \u0111\u00edch n\u00e0y r\u1ed1t cu\u1ed9c nghe c\u00f3 v\u1ebb \u00edch k\u1ef7, th\u00ec nh\u1eefng h\u00e0nh \u0111\u1ed9ng t\u1ed1t ng\u1eabu nhi\u00ean s\u1ebd mang l\u1ea1i r\u1ea5t nhi\u1ec1u l\u1ee3i \u00edch cho con ng\u01b0\u1eddi.<\/p>\n<p>N\u00f3 l\u00e0m t\u0103ng m\u1ee9c \u0111\u1ed9 h\u1ea1nh ph\u00fac n\u00f3i chung v\u00e0 gi\u1ea3m stress.<\/p>\n<p>T\u00e2m l\u00fd \u0111\u1ed3ng c\u1ea3m c\u00f3 li\u00ean h\u1ec7 ch\u1eb7t ch\u1ebd v\u1edbi h\u00e0nh vi t\u1ed1t \u0111\u1eb9p.<\/p>\n<p>Khu\u00f4n m\u1eb7t xinh \u0111\u1eb9p c\u0169ng l\u00e0 m\u1ed9t lo\u1ea1i ph\u00fac b\u00e1o. D\u00f9 l\u00e0 ph\u00fac b\u00e1o g\u00ec \u0111\u1ec1u c\u00f3 c\u0103n nguy\u00ean c\u1ee7a n\u00f3, gi\u1ed1ng nh\u01b0 t\u00e0i ph\u00fa \u0111\u1ebfn t\u1eeb b\u1ed1 th\u00ed, t\u00f4n qu\u00fd \u0111\u1ebfn t\u1eeb khi\u00eam cung, khu\u00f4n m\u1eb7t xinh \u0111\u1eb9p \u0111\u1ebfn t\u1eeb d\u1ecbu d\u00e0ng l\u01b0\u01a1ng thi\u1ec7n. \u0110\u1ebfn trung ni\u00ean, t\u01b0\u1edbng m\u1ea1o \u0111\u00e3 \u0111i v\u00e0o \u1ed5n \u0111\u1ecbnh, c\u0169ng l\u00e0 th\u1ec3 hi\u1ec7n c\u1ee7a t\u00ednh c\u00e1ch m\u1ed9t ng\u01b0\u1eddi.<\/p>\n<p>Th\u1eadt ra, g\u01b0\u01a1ng m\u1eb7t kh\u00f4ng ph\u1ea3i sinh ra l\u00e0 c\u1ed1 \u0111\u1ecbnh, m\u00e0 n\u00f3 l\u00e0 ph\u1ea3n chi\u1ebfu c\u1ee7a qu\u00e1 tr\u00ecnh tu t\u00e2m v\u00e0 h\u00e0nh \u0111\u1ed9ng l\u00e2u d\u00e0i.<\/p>\n<p>Ch\u00fac qu\u00fd v\u1ecb m\u1ed9t ng\u00e0y t\u1ed1t l\u00e0nh!<\/p>\n<p><strong><a href=\"https:\/\/vietdating.us\/contactus\/\">www.VietDating.us (Li\u00ean h\u1ec7)<\/a><\/strong><\/p>\n","protected":false},"excerpt":{"rendered":"<p>Tony xin c\u00e1m \u01a1n qu\u00ed v\u1ecb \u0111\u00e3 v\u00e0o m\u1ea1ng c\u1ee7a t\u00f4i v\u00e0 \u0111\u1ecdc v\u1ec1 m\u1ee5c&#8230;<\/p>\n","protected":false},"author":1,"featured_media":0,"parent":0,"menu_order":6,"comment_status":"open","ping_status":"open","template":"","meta":{"footnotes":""},"class_list":["post-409","page","type-page","status-publish","hentry"],"yoast_head":"<!-- This site is optimized with the Yoast SEO plugin v24.5 - https:\/\/yoast.com\/wordpress\/plugins\/seo\/ -->\n<title>Li\u00ean h\u1ec7 - T\u00ecm B\u1ea1n B\u1ed1n Ph\u01b0\u01a1ng Blog<\/title>\n<meta name=\"robots\" content=\"index, follow, max-snippet:-1, max-image-preview:large, max-video-preview:-1\" \/>\n<link rel=\"canonical\" href=\"https:\/\/vietdating.us\/blog-vn\/lien-he\/\" \/>\n<meta property=\"og:locale\" content=\"vi_VN\" \/>\n<meta property=\"og:type\" content=\"article\" \/>\n<meta property=\"og:title\" content=\"Li\u00ean h\u1ec7 - T\u00ecm B\u1ea1n B\u1ed1n Ph\u01b0\u01a1ng Blog\" \/>\n<meta property=\"og:description\" content=\"Tony xin c\u00e1m \u01a1n qu\u00ed v\u1ecb \u0111\u00e3 v\u00e0o m\u1ea1ng c\u1ee7a t\u00f4i v\u00e0 \u0111\u1ecdc v\u1ec1 m\u1ee5c...\" \/>\n<meta property=\"og:url\" content=\"https:\/\/vietdating.us\/blog-vn\/lien-he\/\" \/>\n<meta property=\"og:site_name\" content=\"T\u00ecm B\u1ea1n B\u1ed1n Ph\u01b0\u01a1ng Blog\" \/>\n<meta property=\"article:modified_time\" content=\"2018-02-11T18:32:12+00:00\" \/>\n<meta property=\"og:image\" content=\"https:\/\/vietdating.us\/blog-vn\/wp-content\/uploads\/2018\/02\/Tony-Tran-Vietdating.jpg\" \/>\n\t<meta property=\"og:image:width\" content=\"480\" \/>\n\t<meta property=\"og:image:height\" content=\"640\" \/>\n\t<meta property=\"og:image:type\" content=\"image\/jpeg\" \/>\n<meta name=\"twitter:card\" content=\"summary_large_image\" \/>\n<meta name=\"twitter:label1\" content=\"\u01af\u1edbc t\u00ednh th\u1eddi gian \u0111\u1ecdc\" \/>\n\t<meta name=\"twitter:data1\" content=\"3 ph\u00fat\" \/>\n<script type=\"application\/ld+json\" class=\"yoast-schema-graph\">{\"@context\":\"https:\/\/schema.org\",\"@graph\":[{\"@type\":\"WebPage\",\"@id\":\"https:\/\/vietdating.us\/blog-vn\/lien-he\/\",\"url\":\"https:\/\/vietdating.us\/blog-vn\/lien-he\/\",\"name\":\"Li\u00ean h\u1ec7 - T\u00ecm B\u1ea1n B\u1ed1n Ph\u01b0\u01a1ng Blog\",\"isPartOf\":{\"@id\":\"https:\/\/vietdating.us\/blog-vn\/#website\"},\"primaryImageOfPage\":{\"@id\":\"https:\/\/vietdating.us\/blog-vn\/lien-he\/#primaryimage\"},\"image\":{\"@id\":\"https:\/\/vietdating.us\/blog-vn\/lien-he\/#primaryimage\"},\"thumbnailUrl\":\"https:\/\/tim-ban-bon-phuong.vietdating.us\/wp-content\/uploads\/2018\/02\/Tony-Tran-Vietdating.jpg\",\"datePublished\":\"2013-05-23T12:37:04+00:00\",\"dateModified\":\"2018-02-11T18:32:12+00:00\",\"breadcrumb\":{\"@id\":\"https:\/\/vietdating.us\/blog-vn\/lien-he\/#breadcrumb\"},\"inLanguage\":\"vi\",\"potentialAction\":[{\"@type\":\"ReadAction\",\"target\":[\"https:\/\/vietdating.us\/blog-vn\/lien-he\/\"]}]},{\"@type\":\"ImageObject\",\"inLanguage\":\"vi\",\"@id\":\"https:\/\/vietdating.us\/blog-vn\/lien-he\/#primaryimage\",\"url\":\"https:\/\/tim-ban-bon-phuong.vietdating.us\/wp-content\/uploads\/2018\/02\/Tony-Tran-Vietdating.jpg\",\"contentUrl\":\"https:\/\/tim-ban-bon-phuong.vietdating.us\/wp-content\/uploads\/2018\/02\/Tony-Tran-Vietdating.jpg\"},{\"@type\":\"BreadcrumbList\",\"@id\":\"https:\/\/vietdating.us\/blog-vn\/lien-he\/#breadcrumb\",\"itemListElement\":[{\"@type\":\"ListItem\",\"position\":1,\"name\":\"Trang ch\u1ee7\",\"item\":\"https:\/\/vietdating.us\/blog-vn\/\"},{\"@type\":\"ListItem\",\"position\":2,\"name\":\"Li\u00ean h\u1ec7\"}]},{\"@type\":\"WebSite\",\"@id\":\"https:\/\/vietdating.us\/blog-vn\/#website\",\"url\":\"https:\/\/vietdating.us\/blog-vn\/\",\"name\":\"T\u00ecm B\u1ea1n B\u1ed1n Ph\u01b0\u01a1ng Blog\",\"description\":\"H\u1ea1t Gi\u1ed1ng T\u00e2m H\u1ed3n, T\u00ecm B\u1ea1n B\u1ed1n Ph\u01b0\u01a1ng\",\"potentialAction\":[{\"@type\":\"SearchAction\",\"target\":{\"@type\":\"EntryPoint\",\"urlTemplate\":\"https:\/\/vietdating.us\/blog-vn\/?s={search_term_string}\"},\"query-input\":{\"@type\":\"PropertyValueSpecification\",\"valueRequired\":true,\"valueName\":\"search_term_string\"}}],\"inLanguage\":\"vi\"}]}<\/script>\n<!-- \/ Yoast SEO plugin. -->","yoast_head_json":{"title":"Li\u00ean h\u1ec7 - T\u00ecm B\u1ea1n B\u1ed1n Ph\u01b0\u01a1ng Blog","robots":{"index":"index","follow":"follow","max-snippet":"max-snippet:-1","max-image-preview":"max-image-preview:large","max-video-preview":"max-video-preview:-1"},"canonical":"https:\/\/vietdating.us\/blog-vn\/lien-he\/","og_locale":"vi_VN","og_type":"article","og_title":"Li\u00ean h\u1ec7 - T\u00ecm B\u1ea1n B\u1ed1n Ph\u01b0\u01a1ng Blog","og_description":"Tony xin c\u00e1m \u01a1n qu\u00ed v\u1ecb \u0111\u00e3 v\u00e0o m\u1ea1ng c\u1ee7a t\u00f4i v\u00e0 \u0111\u1ecdc v\u1ec1 m\u1ee5c...","og_url":"https:\/\/vietdating.us\/blog-vn\/lien-he\/","og_site_name":"T\u00ecm B\u1ea1n B\u1ed1n Ph\u01b0\u01a1ng Blog","article_modified_time":"2018-02-11T18:32:12+00:00","og_image":[{"width":480,"height":640,"url":"https:\/\/vietdating.us\/blog-vn\/wp-content\/uploads\/2018\/02\/Tony-Tran-Vietdating.jpg","type":"image\/jpeg"}],"twitter_card":"summary_large_image","twitter_misc":{"\u01af\u1edbc t\u00ednh th\u1eddi gian \u0111\u1ecdc":"3 ph\u00fat"},"schema":{"@context":"https:\/\/schema.org","@graph":[{"@type":"WebPage","@id":"https:\/\/vietdating.us\/blog-vn\/lien-he\/","url":"https:\/\/vietdating.us\/blog-vn\/lien-he\/","name":"Li\u00ean h\u1ec7 - T\u00ecm B\u1ea1n B\u1ed1n Ph\u01b0\u01a1ng Blog","isPartOf":{"@id":"https:\/\/vietdating.us\/blog-vn\/#website"},"primaryImageOfPage":{"@id":"https:\/\/vietdating.us\/blog-vn\/lien-he\/#primaryimage"},"image":{"@id":"https:\/\/vietdating.us\/blog-vn\/lien-he\/#primaryimage"},"thumbnailUrl":"https:\/\/tim-ban-bon-phuong.vietdating.us\/wp-content\/uploads\/2018\/02\/Tony-Tran-Vietdating.jpg","datePublished":"2013-05-23T12:37:04+00:00","dateModified":"2018-02-11T18:32:12+00:00","breadcrumb":{"@id":"https:\/\/vietdating.us\/blog-vn\/lien-he\/#breadcrumb"},"inLanguage":"vi","potentialAction":[{"@type":"ReadAction","target":["https:\/\/vietdating.us\/blog-vn\/lien-he\/"]}]},{"@type":"ImageObject","inLanguage":"vi","@id":"https:\/\/vietdating.us\/blog-vn\/lien-he\/#primaryimage","url":"https:\/\/tim-ban-bon-phuong.vietdating.us\/wp-content\/uploads\/2018\/02\/Tony-Tran-Vietdating.jpg","contentUrl":"https:\/\/tim-ban-bon-phuong.vietdating.us\/wp-content\/uploads\/2018\/02\/Tony-Tran-Vietdating.jpg"},{"@type":"BreadcrumbList","@id":"https:\/\/vietdating.us\/blog-vn\/lien-he\/#breadcrumb","itemListElement":[{"@type":"ListItem","position":1,"name":"Trang ch\u1ee7","item":"https:\/\/vietdating.us\/blog-vn\/"},{"@type":"ListItem","position":2,"name":"Li\u00ean h\u1ec7"}]},{"@type":"WebSite","@id":"https:\/\/vietdating.us\/blog-vn\/#website","url":"https:\/\/vietdating.us\/blog-vn\/","name":"T\u00ecm B\u1ea1n B\u1ed1n Ph\u01b0\u01a1ng Blog","description":"H\u1ea1t Gi\u1ed1ng T\u00e2m H\u1ed3n, T\u00ecm B\u1ea1n B\u1ed1n Ph\u01b0\u01a1ng","potentialAction":[{"@type":"SearchAction","target":{"@type":"EntryPoint","urlTemplate":"https:\/\/vietdating.us\/blog-vn\/?s={search_term_string}"},"query-input":{"@type":"PropertyValueSpecification","valueRequired":true,"valueName":"search_term_string"}}],"inLanguage":"vi"}]}},"_links":{"self":[{"href":"https:\/\/vietdating.us\/blog-vn\/wp-json\/wp\/v2\/pages\/409","targetHints":{"allow":["GET"]}}],"collection":[{"href":"https:\/\/vietdating.us\/blog-vn\/wp-json\/wp\/v2\/pages"}],"about":[{"href":"https:\/\/vietdating.us\/blog-vn\/wp-json\/wp\/v2\/types\/page"}],"author":[{"embeddable":true,"href":"https:\/\/vietdating.us\/blog-vn\/wp-json\/wp\/v2\/users\/1"}],"replies":[{"embeddable":true,"href":"https:\/\/vietdating.us\/blog-vn\/wp-json\/wp\/v2\/comments?post=409"}],"version-history":[{"count":7,"href":"https:\/\/vietdating.us\/blog-vn\/wp-json\/wp\/v2\/pages\/409\/revisions"}],"predecessor-version":[{"id":2179,"href":"https:\/\/vietdating.us\/blog-vn\/wp-json\/wp\/v2\/pages\/409\/revisions\/2179"}],"wp:attachment":[{"href":"https:\/\/vietdating.us\/blog-vn\/wp-json\/wp\/v2\/media?parent=409"}],"curies":[{"name":"wp","href":"https:\/\/api.w.org\/{rel}","templated":true}]}}