{"id":375,"date":"2013-05-17T14:06:04","date_gmt":"2013-05-17T14:06:04","guid":{"rendered":"https:\/\/tim-ban-bon-phuong.vietdating.us\/?page_id=375"},"modified":"2023-05-27T02:52:06","modified_gmt":"2023-05-27T06:52:06","slug":"viet-kieu-uc","status":"publish","type":"page","link":"https:\/\/vietdating.us\/blog-vn\/viet-kieu-uc\/","title":{"rendered":"Vi\u1ec7t Ki\u1ec1u \u00dac"},"content":{"rendered":"<p><b><span style=\"font-size: medium;\">Ng\u01b0\u1eddi Vi\u1ec7t Nam t\u1ea1i \u00dac <\/span><\/b><\/p>\n<p><span style=\"font-size: medium;\">Ng\u01b0\u1eddi c\u00f3 sinh qu\u00e1n t\u1ea1i Vi\u1ec7t Nam \u0111ang sinh s\u1ed1ng t\u1ea1i \u00dac (g\u1ecdi t\u1eaft Ng\u01b0\u1eddi Vi\u1ec7t t\u1ea1i \u00dac) l\u00e0 m\u1ed9t trong nh\u1eefng nh\u00f3m ng\u01b0\u1eddi di d\u00e2n m\u1edbi nh\u1ea5t \u0111\u1ebfn \u0111\u1ecbnh c\u01b0 t\u1ea1i x\u1ee9 n\u1ea7y. \u0110\u1ebfn cu\u1ed1i th\u00e1ng S\u00e1u n\u0103m 2000, s\u1ed1 ng\u01b0\u1eddi c\u00f3 sinh qu\u00e1n t\u1ea1i Vi\u1ec7t Nam l\u00ean \u0111\u1ebfn 175 ng\u00e0n ng\u01b0\u1eddi. N\u1ebfu c\u1ed9ng th\u00eam g\u1ea7n 70 ng\u00e0n em b\u00e9 sinh t\u1ea1i \u00dac c\u00f3 cha, m\u1eb9 ho\u1eb7t c\u1ea3 cha l\u1eabn m\u1eb9 l\u00e0 ng\u01b0\u1eddi Vi\u1ec7t th\u00ec s\u1ed1 ng\u01b0\u1eddi &#8220;g\u1ed1c&#8221; Vi\u1ec7t l\u00ean \u0111\u1ebfn 245 ng\u00e0n ng\u01b0\u1eddi. <\/span><\/p>\n<figure id=\"attachment_1078\" aria-describedby=\"caption-attachment-1078\" style=\"width: 600px\" class=\"wp-caption aligncenter\"><a href=\"https:\/\/tim-ban-bon-phuong.vietdating.us\/wp-content\/uploads\/2013\/05\/Viet-Kieu-Uc-Chau.jpg\"><img loading=\"lazy\" decoding=\"async\" class=\"size-full wp-image-1078\" src=\"https:\/\/tim-ban-bon-phuong.vietdating.us\/wp-content\/uploads\/2013\/05\/Viet-Kieu-Uc-Chau.jpg\" alt=\"Viet Kieu Uc Chau\" width=\"600\" height=\"311\" srcset=\"https:\/\/vietdating.us\/blog-vn\/wp-content\/uploads\/2013\/05\/Viet-Kieu-Uc-Chau.jpg 600w, https:\/\/vietdating.us\/blog-vn\/wp-content\/uploads\/2013\/05\/Viet-Kieu-Uc-Chau-300x155.jpg 300w\" sizes=\"auto, (max-width: 600px) 100vw, 600px\" \/><\/a><figcaption id=\"caption-attachment-1078\" class=\"wp-caption-text\">Viet Kieu Uc Chau<\/figcaption><\/figure>\n<p><span style=\"font-size: medium;\">Tr\u01b0\u1edbc n\u0103m 1975, h\u1ea7u h\u1ebft ng\u01b0\u1eddi Vi\u1ec7t t\u1ea1i \u00dac l\u00e0 du h\u1ecdc sinh Vi\u1ec7t Nam qua ch\u01b0\u01a1ng tr\u00ecnh h\u1ecdc b\u1ed5ng Colombo. M\u1ed9t s\u1ed1 c\u00e1c h\u1ecdc sinh n\u1ea7y tr\u1edf v\u1ec1 n\u01b0\u1edbc sau khi t\u1ed1t nghi\u1ec7p. Ngo\u00e0i ra c\u00f2n c\u00f3 th\u00ea t\u1eed c\u1ee7a nh\u1eefng ng\u01b0\u1eddi \u00dac \u0111\u1ebfn Vi\u1ec7t Nam l\u00e0m vi\u1ec7c v\u00e0 l\u1eadp gia \u0111\u00ecnh v\u1edbi ng\u01b0\u1eddi Vi\u1ec7t Nam. <\/span><\/p>\n<p><span style=\"font-size: medium;\">V\u00e0o gi\u1eefa Th\u1eadp ni\u00ean 70 c\u00f3 kho\u1ea3ng 500 ng\u01b0\u1eddi Vi\u1ec7t \u0111ang \u1edf t\u1ea1i \u00dac trong s\u1ed1 \u0111\u00f3 c\u00f3 kho\u1ea3ng 20 gia \u0111\u00ecnh. \u0110\u1ee9a b\u00e9 \u0111\u1ea7u ti\u00ean \u0111\u01b0\u1ee3c ghi nh\u1eadn c\u00f3 c\u1ea3 cha l\u1eabn m\u1eb9 l\u00e0 ng\u01b0\u1eddi Vi\u1ec7t sanh t\u1ea1i Sydney n\u0103m 1970 v\u00e0 \u0111ang \u0111\u1ecbnh c\u01b0 t\u1ea1i Melbourne. <\/span><\/p>\n<p><span style=\"font-size: medium;\">Trong kho\u1ea3ng th\u1eddi gian 1975-76, Ch\u00e1nh ph\u1ee7 Lao \u0110\u1ed9ng do Th\u1ee7 t\u01b0\u1edbng Whitlam l\u00e3nh \u0111\u1ea1o gi\u1edbi h\u1ea1n s\u1ed1 ng\u01b0\u1eddi Vi\u1ec7t v\u00e0o \u00dac. Ch\u1ec9 c\u00f3 gia \u0111\u00ecnh c\u1ef1u sinh vi\u00ean Vi\u1ec7t nam du h\u1ecdc t\u1ea1i \u00dac v\u00e0 nh\u00e2n vi\u00ean Vi\u1ec7t Nam l\u00e0m vi\u1ec7c v\u1edbi S\u1ee9 qu\u00e1n \u00dac t\u1ea1i S\u00e0i G\u00f2n \u0111\u00e3 ra kh\u1ecfi Vi\u1ec7t Nam m\u1edbi \u0111\u01b0\u1ee3c \u0111\u1ecbnh c\u01b0 t\u1ea1i \u00dac. <\/span><\/p>\n<p><span style=\"font-size: medium;\">Sau khi th\u1eafng c\u1eed, Ch\u00e1nh ph\u1ee7 T\u1ef1 Do do Th\u1ee7 t\u01b0\u1edbng Fraser l\u00e3nh \u0111\u1ea1o m\u1edf c\u1eeda cho ph\u00e9p nhi\u1ec1u ng\u1eeb\u01a1i Vi\u1ec7t v\u00e0o \u0111\u1ecbnh c\u01b0 t\u1ea1i \u00dac. \u0110\u1ee3t \u0111\u1ea7u t\u1eeb n\u0103m 1978 v\u1edbi \u0111\u1ea1i \u0111a s\u1ed1 \u0111\u1ebfn t\u1eeb nh\u1eefng tr\u1ea1i t\u1ef5 n\u1ea1n (Cao \u0111i\u1ec3m n\u0103m 1980 v\u1edbi 12.915 ng\u01b0\u1eddi nh\u1eadp c\u01b0). \u0110\u1ee3t th\u1ee9 nh\u00ec t\u1eeb n\u0103m 1989 v\u1edbi ph\u1ea7n \u0111\u00f4ng \u0111i th\u1eb3ng t\u1eeb Vi\u1ec7t Nam qua Ch\u01b0\u01a1ng tr\u00ecnh \u0110o\u00e0n t\u1ee5 Gia \u0111\u00ecnh (Cao \u0111i\u1ec3m n\u0103m 1991 v\u1edbi 13.248 ng\u01b0\u1eddi nh\u1eadp c\u01b0). Sau n\u0103m 1997, s\u1ed1 ng\u01b0\u1eddi Vi\u1ec7t \u0111\u1ebfn \u0111\u1ecbnh c\u01b0 t\u1ea1i \u00dac gi\u1ea3m xu\u1ed1ng d\u01b0\u1edbi 3 ng\u00e0n ng\u01b0\u1eddi m\u1ed7i n\u0103m v\u00e0 trong t\u00e0i kh\u00f3a 1999-2000, con s\u1ed1 gi\u1ea3m xu\u1ed1ng ch\u1ec9 c\u00f2n 1.500 ng\u01b0\u1eddi (Xem H\u00ecnh 1).<\/span><\/p>\n<p><span style=\"font-size: medium;\">\u0110\u1ebfn cu\u1ed1i th\u00e1ng 6 n\u0103m 2000, t\u1ea1i \u00dac c\u00f3 t\u1ed5ng c\u1ed9ng 4,52 tri\u1ec7u ng\u01b0\u1eddi c\u00f3 sinh qu\u00e1n ngo\u00e0i n\u01b0\u1edbc \u00dac trong \u0111\u00f3 c\u00f3 1,68 tri\u1ec7u ng\u01b0\u1eddi \u0111\u1ebfn t\u1eeb nh\u1eefng n\u01b0\u1edbc n\u00f3i ti\u1ebfng Anh (Anh, M\u1ef9, Gia N\u00e3 \u0110\u1ea1i v\u00e0 T\u00e2n T\u00e2y Lan). Trong s\u1ed1 di d\u00e2n \u0111\u1ebfn t\u1eeb nh\u1eefng n\u01b0\u1edbc kh\u00f4ng n\u00f3i ti\u1ebfng Anh, ng\u01b0\u1eddi Vi\u1ec7t \u0111\u1ee9ng h\u00e0ng th\u1ee9 nh\u00ec sau \u00dd \u0110\u1ea1i L\u1ee3i (Italy) (Xem B\u1ea3ng 1 v\u00e0 H\u00ecnh 2).<\/span><b> <\/b><\/p>\n<p align=\"left\">C\u1ed9ng \u0111\u1ed3ng Vi\u1ec7t nam t\u1ea1i \u00dac l\u00e0 m\u1ed9t c\u1ed9ng \u0111\u1ed3ng tr\u1ebb v\u1edbi n\u0103m m\u01b0\u01a1i ph\u1ea7n tr\u0103m d\u01b0\u1edbi 35 tu\u1ed5i. H\u00ecnh 5 cho th\u1ea5y 68 ph\u1ea7n tr\u0103m ng\u01b0\u1eddi Vi\u1ec7t t\u1ea1i \u00dac \u1edf trong l\u1ee9a tu\u1ed5i n\u0103ng \u0111\u1ed9ng t\u1eeb 15 \u0111\u1ebfn 60.<\/p>\n<p><b><span style=\"font-size: medium;\">Th\u1ebf h\u1ec7 th\u1ee9 hai <\/span><\/b><\/p>\n<p><span style=\"font-size: medium;\">Tr\u00ean ph\u01b0\u01a1ng di\u1ec7n ch\u1ee7ng t\u1ed9c, c\u1ed9ng \u0111\u1ed3ng Vi\u1ec7t nam t\u1ea1i \u00dac c\u00f2n kh\u00e1 thu\u1ea7n nh\u1ea5t. <\/span><\/p>\n<p><span style=\"font-size: medium;\">N\u0103m 1998-99 c\u00f3 t\u1ea5t c\u1ea3 2.282 \u0111\u00e1m c\u01b0\u1edbi li\u00ean h\u1ec7 \u0111\u1ebfn nh\u1eefng ng\u01b0\u1eddi c\u00f3 nguy\u00ean qu\u00e1n t\u1ea1i Vi\u1ec7t Nam trong \u0111\u00f3 1.602 (70%) \u0111\u00e1m c\u01b0\u1edbi c\u00f3 c\u1ea3 c\u00f4 d\u00e2u v\u00e0 ch\u00fa r\u1ec3 \u0111\u1ec1u l\u00e0\u00a0 ng\u01b0\u1eddi Vi\u1ec7t. Ph\u1ee5 n\u1eef Vi\u1ec7t Nam c\u00f3 khuynh h\u01b0\u1edbng d\u1ec5 k\u1ebft h\u00f4n v\u1edbi ng\u01b0\u1eddi ngo\u1ea1i qu\u1ed1c (20.8%) so v\u1edbi nam gi\u1edbi (13.9%). <\/span><\/p>\n<p><span style=\"font-size: medium;\">C\u1ea5u t\u1ea1o h\u00f4n nh\u00e2n tr\u00ean \u0111\u01b0\u1ee3c ph\u1ea3n \u1ea3nh r\u00f5 r\u00e0ng qua th\u00e0nh ph\u1ea7n c\u00e1c tr\u1ebb em c\u00f3 gi\u00f2ng m\u00e1u Vi\u1ec7t nam \u0111\u01b0\u1ee3c sinh ra t\u1ea1i \u00dac. N\u0103m 1998-99 trong s\u1ed1 t\u1ed5ng c\u1ed9ng 4,339 em b\u00e9 ch\u00e0o \u0111\u1eddi c\u00f3 m\u1eb9 Vi\u1ec7t nam th\u00ec 3,470 (80%) em c\u00f3 cha c\u0169ng l\u00e0 ng\u01b0\u1eddi Vi\u1ec7t. Tr\u00e1i l\u1ea1i, trong s\u1ed1 3,928 em b\u00e9 c\u00f3 cha l\u00e0 ng\u01b0\u1eddi Vi\u1ec7t th\u00ec \u0111\u1ebfn 88.3% s\u1ed1 em c\u00f3 m\u1eb9 c\u0169ng l\u00e0 ng\u01b0\u1eddi Vi\u1ec7t. <\/span><\/p>\n<p><span style=\"font-size: medium;\">Trong h\u01a1n hai th\u1eadp ni\u00ean qua, c\u00f3 tr\u00ean 60 ng\u00e0n em b\u00e9 c\u00f3 gi\u00f2ng m\u00e1u Vi\u1ec7t nam \u0111\u01b0\u1ee3c sinh ra t\u1ea1i \u00dac (Xem H\u00ecnh 2). Trong m\u1ea5y n\u0103m g\u1ea7n \u0111\u00e2y, s\u1ed1 tr\u1ebb em sinh h\u1eb1ng n\u0103m c\u00f3 gi\u00f2ng m\u00e1u Vi\u1ec7t c\u00f3 v\u1ebb kh\u00f4ng t\u0103ng. L\u00fd do l\u00e0 m\u1ed9t s\u1ed1 tr\u1ebb em trong gia \u0111\u00ecnh Vi\u1ec7t nam sinh t\u1ea1i \u00dac trong th\u1eadp ni\u00ean 1970 \u0111\u00e3 c\u00f3 gia \u0111\u00ecnh v\u00e0 c\u00f3 con. Nh\u1eefng \u0111\u1ee9a b\u00e9 n\u1ea7y thu\u1ed9c th\u1ebf h\u1ec7 th\u1ee9 ba n\u00ean kh\u00f4ng \u0111\u01b0\u1ee3c th\u1ed1ng k\u00ea n\u1ea7y ghi nh\u1eadn.<\/span><\/p>\n<p><b><span style=\"font-size: medium;\">Ng\u01b0\u1eddi Vi\u1ec7t t\u1ea1i \u00dac s\u1ed1ng t\u1eadp trung t\u1ea1i c\u00e1c th\u00e0nh ph\u1ed1 l\u1edbn <\/span><\/b><\/p>\n<p><span style=\"font-size: medium;\">V\u00ec l\u00fd do ng\u00f4n ng\u1eef, li\u00ean h\u1ec7 gia \u0111\u00ecnh, b\u00e8 b\u1ea1n, vi\u1ec7c l\u00e0m v\u00e0 nh\u1ea5t l\u00e0 do t\u00ecnh \u0111\u1ed3ng h\u01b0\u01a1ng, \u0111a s\u1ed1 ng\u01b0\u1eddi Vi\u1ec7t s\u1ed1ng qu\u00e2y qu\u1ea7n v\u1edbi nhau d\u00f9 trong c\u00e1c th\u00e0nh ph\u1ed1 l\u1edbn ho\u1eb7c t\u1ea1i c\u00e1c v\u00f9ng qu\u00ea h\u1ebbo l\u00e1nh. <\/span><\/p>\n<p><span style=\"font-size: medium;\">Theo th\u1ed1ng k\u00ea n\u0103m 1996, to\u00e0n qu\u1ed1c \u00dac c\u00f3 150.956 ng\u01b0\u1eddi c\u00f3 sinh qu\u00e1n t\u1ea1i Vi\u1ec7t nam v\u00e0 s\u1ef1 ph\u00e2n ph\u1ed1i \u0111\u01b0\u1ee3c tr\u00ecnh b\u00e0y trong H\u00ecnh 4.<\/span><\/p>\n<p><span style=\"font-size: medium;\">T\u1ea1i c\u00e1c Ti\u1ec3u bang, Ng\u01b0\u1eddi Vi\u1ec7t s\u1ed1ng t\u1eadp trung t\u1ea1i c\u00e1c th\u00e0nh ph\u1ed1 l\u1edbn. Ri\u00eang Sydney v\u00e0 Melbourne thu h\u00fat \u0111\u1ebfn 114 ng\u00e0n ng\u01b0\u1eddi (hay 77% t\u1ed5ng s\u1ed1 Ng\u01b0\u1eddi Vi\u1ec7t t\u1ea1i \u00dac) (Xem B\u1ea3ng S\u1ed1 2 &#8211; Th\u1ed1ng k\u00ea 1996) <\/span><b><\/b><\/p>\n<p><span style=\"font-size: medium;\">Nh\u1eefng \u0111\u1ecba ph\u01b0\u01a1ng (Postcodes) \u0111\u00f4ng ng\u01b0\u1eddi Vi\u1ec7t nh\u1ea5t l\u00e0 Cabramatta (M\u1ed9t s\u1ed1 b\u00e1o ch\u00ed \u00dac c\u00f2n g\u1ecdi l\u00e0 Saigonmatta, 35 c\u00e2y s\u1ed1 v\u1ec1 h\u01b0\u1edbng T\u00e2y Nam trung t\u00e2m th\u00e0nh ph\u1ed1 Sydney), Kingspark (20 c\u00e2y s\u1ed1 v\u1ec1 h\u01b0\u1edbng T\u00e2y B\u1eafc trung t\u00e2m th\u00e0nh ph\u1ed1 Melbourne), Springvale (25 c\u00e2y s\u1ed1 v\u1ec1 h\u01b0\u1edbng Nam trung t\u00e2m th\u00e0nh ph\u1ed1 Melbourne).<\/span><\/p>\n<p>(Source: vietnameseinaustralia.com.au<\/p>\n","protected":false},"excerpt":{"rendered":"<p>Ng\u01b0\u1eddi Vi\u1ec7t Nam t\u1ea1i \u00dac Ng\u01b0\u1eddi c\u00f3 sinh qu\u00e1n t\u1ea1i Vi\u1ec7t Nam \u0111ang sinh s\u1ed1ng&#8230;<\/p>\n","protected":false},"author":1,"featured_media":0,"parent":0,"menu_order":2,"comment_status":"open","ping_status":"closed","template":"","meta":{"footnotes":""},"class_list":["post-375","page","type-page","status-publish","hentry"],"yoast_head":"<!-- This site is optimized with the Yoast SEO plugin v24.5 - https:\/\/yoast.com\/wordpress\/plugins\/seo\/ -->\n<title>Vi\u1ec7t Ki\u1ec1u \u00dac - T\u00ecm B\u1ea1n B\u1ed1n Ph\u01b0\u01a1ng Blog<\/title>\n<meta name=\"robots\" content=\"index, follow, max-snippet:-1, max-image-preview:large, max-video-preview:-1\" \/>\n<link rel=\"canonical\" href=\"https:\/\/vietdating.us\/blog-vn\/viet-kieu-uc\/\" \/>\n<meta property=\"og:locale\" content=\"vi_VN\" \/>\n<meta property=\"og:type\" content=\"article\" \/>\n<meta property=\"og:title\" content=\"Vi\u1ec7t Ki\u1ec1u \u00dac - T\u00ecm B\u1ea1n B\u1ed1n Ph\u01b0\u01a1ng Blog\" \/>\n<meta property=\"og:description\" content=\"Ng\u01b0\u1eddi Vi\u1ec7t Nam t\u1ea1i \u00dac Ng\u01b0\u1eddi c\u00f3 sinh qu\u00e1n t\u1ea1i Vi\u1ec7t Nam \u0111ang sinh s\u1ed1ng...\" \/>\n<meta property=\"og:url\" content=\"https:\/\/vietdating.us\/blog-vn\/viet-kieu-uc\/\" \/>\n<meta property=\"og:site_name\" content=\"T\u00ecm B\u1ea1n B\u1ed1n Ph\u01b0\u01a1ng Blog\" \/>\n<meta property=\"article:modified_time\" content=\"2023-05-27T06:52:06+00:00\" \/>\n<meta property=\"og:image\" content=\"https:\/\/vietdating.us\/blog-vn\/wp-content\/uploads\/2013\/05\/Viet-Kieu-Uc-Chau.jpg\" \/>\n\t<meta property=\"og:image:width\" content=\"600\" \/>\n\t<meta property=\"og:image:height\" content=\"311\" \/>\n\t<meta property=\"og:image:type\" content=\"image\/jpeg\" \/>\n<meta name=\"twitter:card\" content=\"summary_large_image\" \/>\n<meta name=\"twitter:label1\" content=\"\u01af\u1edbc t\u00ednh th\u1eddi gian \u0111\u1ecdc\" \/>\n\t<meta name=\"twitter:data1\" content=\"6 ph\u00fat\" \/>\n<script type=\"application\/ld+json\" class=\"yoast-schema-graph\">{\"@context\":\"https:\/\/schema.org\",\"@graph\":[{\"@type\":\"WebPage\",\"@id\":\"https:\/\/vietdating.us\/blog-vn\/viet-kieu-uc\/\",\"url\":\"https:\/\/vietdating.us\/blog-vn\/viet-kieu-uc\/\",\"name\":\"Vi\u1ec7t Ki\u1ec1u \u00dac - T\u00ecm B\u1ea1n B\u1ed1n Ph\u01b0\u01a1ng Blog\",\"isPartOf\":{\"@id\":\"https:\/\/vietdating.us\/blog-vn\/#website\"},\"primaryImageOfPage\":{\"@id\":\"https:\/\/vietdating.us\/blog-vn\/viet-kieu-uc\/#primaryimage\"},\"image\":{\"@id\":\"https:\/\/vietdating.us\/blog-vn\/viet-kieu-uc\/#primaryimage\"},\"thumbnailUrl\":\"https:\/\/tim-ban-bon-phuong.vietdating.us\/wp-content\/uploads\/2013\/05\/Viet-Kieu-Uc-Chau.jpg\",\"datePublished\":\"2013-05-17T14:06:04+00:00\",\"dateModified\":\"2023-05-27T06:52:06+00:00\",\"breadcrumb\":{\"@id\":\"https:\/\/vietdating.us\/blog-vn\/viet-kieu-uc\/#breadcrumb\"},\"inLanguage\":\"vi\",\"potentialAction\":[{\"@type\":\"ReadAction\",\"target\":[\"https:\/\/vietdating.us\/blog-vn\/viet-kieu-uc\/\"]}]},{\"@type\":\"ImageObject\",\"inLanguage\":\"vi\",\"@id\":\"https:\/\/vietdating.us\/blog-vn\/viet-kieu-uc\/#primaryimage\",\"url\":\"https:\/\/tim-ban-bon-phuong.vietdating.us\/wp-content\/uploads\/2013\/05\/Viet-Kieu-Uc-Chau.jpg\",\"contentUrl\":\"https:\/\/tim-ban-bon-phuong.vietdating.us\/wp-content\/uploads\/2013\/05\/Viet-Kieu-Uc-Chau.jpg\"},{\"@type\":\"BreadcrumbList\",\"@id\":\"https:\/\/vietdating.us\/blog-vn\/viet-kieu-uc\/#breadcrumb\",\"itemListElement\":[{\"@type\":\"ListItem\",\"position\":1,\"name\":\"Trang ch\u1ee7\",\"item\":\"https:\/\/vietdating.us\/blog-vn\/\"},{\"@type\":\"ListItem\",\"position\":2,\"name\":\"Vi\u1ec7t Ki\u1ec1u \u00dac\"}]},{\"@type\":\"WebSite\",\"@id\":\"https:\/\/vietdating.us\/blog-vn\/#website\",\"url\":\"https:\/\/vietdating.us\/blog-vn\/\",\"name\":\"T\u00ecm B\u1ea1n B\u1ed1n Ph\u01b0\u01a1ng Blog\",\"description\":\"H\u1ea1t Gi\u1ed1ng T\u00e2m H\u1ed3n, T\u00ecm B\u1ea1n B\u1ed1n Ph\u01b0\u01a1ng\",\"potentialAction\":[{\"@type\":\"SearchAction\",\"target\":{\"@type\":\"EntryPoint\",\"urlTemplate\":\"https:\/\/vietdating.us\/blog-vn\/?s={search_term_string}\"},\"query-input\":{\"@type\":\"PropertyValueSpecification\",\"valueRequired\":true,\"valueName\":\"search_term_string\"}}],\"inLanguage\":\"vi\"}]}<\/script>\n<!-- \/ Yoast SEO plugin. -->","yoast_head_json":{"title":"Vi\u1ec7t Ki\u1ec1u \u00dac - T\u00ecm B\u1ea1n B\u1ed1n Ph\u01b0\u01a1ng Blog","robots":{"index":"index","follow":"follow","max-snippet":"max-snippet:-1","max-image-preview":"max-image-preview:large","max-video-preview":"max-video-preview:-1"},"canonical":"https:\/\/vietdating.us\/blog-vn\/viet-kieu-uc\/","og_locale":"vi_VN","og_type":"article","og_title":"Vi\u1ec7t Ki\u1ec1u \u00dac - T\u00ecm B\u1ea1n B\u1ed1n Ph\u01b0\u01a1ng Blog","og_description":"Ng\u01b0\u1eddi Vi\u1ec7t Nam t\u1ea1i \u00dac Ng\u01b0\u1eddi c\u00f3 sinh qu\u00e1n t\u1ea1i Vi\u1ec7t Nam \u0111ang sinh s\u1ed1ng...","og_url":"https:\/\/vietdating.us\/blog-vn\/viet-kieu-uc\/","og_site_name":"T\u00ecm B\u1ea1n B\u1ed1n Ph\u01b0\u01a1ng Blog","article_modified_time":"2023-05-27T06:52:06+00:00","og_image":[{"width":600,"height":311,"url":"https:\/\/vietdating.us\/blog-vn\/wp-content\/uploads\/2013\/05\/Viet-Kieu-Uc-Chau.jpg","type":"image\/jpeg"}],"twitter_card":"summary_large_image","twitter_misc":{"\u01af\u1edbc t\u00ednh th\u1eddi gian \u0111\u1ecdc":"6 ph\u00fat"},"schema":{"@context":"https:\/\/schema.org","@graph":[{"@type":"WebPage","@id":"https:\/\/vietdating.us\/blog-vn\/viet-kieu-uc\/","url":"https:\/\/vietdating.us\/blog-vn\/viet-kieu-uc\/","name":"Vi\u1ec7t Ki\u1ec1u \u00dac - T\u00ecm B\u1ea1n B\u1ed1n Ph\u01b0\u01a1ng Blog","isPartOf":{"@id":"https:\/\/vietdating.us\/blog-vn\/#website"},"primaryImageOfPage":{"@id":"https:\/\/vietdating.us\/blog-vn\/viet-kieu-uc\/#primaryimage"},"image":{"@id":"https:\/\/vietdating.us\/blog-vn\/viet-kieu-uc\/#primaryimage"},"thumbnailUrl":"https:\/\/tim-ban-bon-phuong.vietdating.us\/wp-content\/uploads\/2013\/05\/Viet-Kieu-Uc-Chau.jpg","datePublished":"2013-05-17T14:06:04+00:00","dateModified":"2023-05-27T06:52:06+00:00","breadcrumb":{"@id":"https:\/\/vietdating.us\/blog-vn\/viet-kieu-uc\/#breadcrumb"},"inLanguage":"vi","potentialAction":[{"@type":"ReadAction","target":["https:\/\/vietdating.us\/blog-vn\/viet-kieu-uc\/"]}]},{"@type":"ImageObject","inLanguage":"vi","@id":"https:\/\/vietdating.us\/blog-vn\/viet-kieu-uc\/#primaryimage","url":"https:\/\/tim-ban-bon-phuong.vietdating.us\/wp-content\/uploads\/2013\/05\/Viet-Kieu-Uc-Chau.jpg","contentUrl":"https:\/\/tim-ban-bon-phuong.vietdating.us\/wp-content\/uploads\/2013\/05\/Viet-Kieu-Uc-Chau.jpg"},{"@type":"BreadcrumbList","@id":"https:\/\/vietdating.us\/blog-vn\/viet-kieu-uc\/#breadcrumb","itemListElement":[{"@type":"ListItem","position":1,"name":"Trang ch\u1ee7","item":"https:\/\/vietdating.us\/blog-vn\/"},{"@type":"ListItem","position":2,"name":"Vi\u1ec7t Ki\u1ec1u \u00dac"}]},{"@type":"WebSite","@id":"https:\/\/vietdating.us\/blog-vn\/#website","url":"https:\/\/vietdating.us\/blog-vn\/","name":"T\u00ecm B\u1ea1n B\u1ed1n Ph\u01b0\u01a1ng Blog","description":"H\u1ea1t Gi\u1ed1ng T\u00e2m H\u1ed3n, T\u00ecm B\u1ea1n B\u1ed1n Ph\u01b0\u01a1ng","potentialAction":[{"@type":"SearchAction","target":{"@type":"EntryPoint","urlTemplate":"https:\/\/vietdating.us\/blog-vn\/?s={search_term_string}"},"query-input":{"@type":"PropertyValueSpecification","valueRequired":true,"valueName":"search_term_string"}}],"inLanguage":"vi"}]}},"_links":{"self":[{"href":"https:\/\/vietdating.us\/blog-vn\/wp-json\/wp\/v2\/pages\/375","targetHints":{"allow":["GET"]}}],"collection":[{"href":"https:\/\/vietdating.us\/blog-vn\/wp-json\/wp\/v2\/pages"}],"about":[{"href":"https:\/\/vietdating.us\/blog-vn\/wp-json\/wp\/v2\/types\/page"}],"author":[{"embeddable":true,"href":"https:\/\/vietdating.us\/blog-vn\/wp-json\/wp\/v2\/users\/1"}],"replies":[{"embeddable":true,"href":"https:\/\/vietdating.us\/blog-vn\/wp-json\/wp\/v2\/comments?post=375"}],"version-history":[{"count":4,"href":"https:\/\/vietdating.us\/blog-vn\/wp-json\/wp\/v2\/pages\/375\/revisions"}],"predecessor-version":[{"id":2740,"href":"https:\/\/vietdating.us\/blog-vn\/wp-json\/wp\/v2\/pages\/375\/revisions\/2740"}],"wp:attachment":[{"href":"https:\/\/vietdating.us\/blog-vn\/wp-json\/wp\/v2\/media?parent=375"}],"curies":[{"name":"wp","href":"https:\/\/api.w.org\/{rel}","templated":true}]}}