{"id":372,"date":"2013-05-17T13:58:27","date_gmt":"2013-05-17T13:58:27","guid":{"rendered":"https:\/\/tim-ban-bon-phuong.vietdating.us\/?page_id=372"},"modified":"2019-09-07T06:04:15","modified_gmt":"2019-09-07T10:04:15","slug":"viet-kieu-my","status":"publish","type":"page","link":"https:\/\/vietdating.us\/blog-vn\/viet-kieu-my\/","title":{"rendered":"Vi\u1ec7t Ki\u1ec1u M\u1ef9"},"content":{"rendered":"<p>Ng\u01b0\u1eddi M\u1ef9 g\u1ed1c Vi\u1ec7t (ti\u1ebfng Anh: Vietnamese American) l\u00e0 nh\u1eefng ng\u01b0\u1eddi \u0111\u1ecbnh c\u01b0 t\u1ea1i Hoa K\u1ef3 c\u00f3 ngu\u1ed3n g\u1ed1c d\u00e2n t\u1ed9c Vi\u1ec7t, l\u00e0 c\u1ed9ng \u0111\u1ed3ng d\u00e2n t\u1ed9c g\u1ed1c \u00c1 l\u1edbn th\u1ee9 t\u01b0 t\u1ea1i Hoa K\u1ef3, sau ng\u01b0\u1eddi M\u1ef9 g\u1ed1c Hoa, ng\u01b0\u1eddi M\u1ef9 g\u1ed1c \u1ea4n, v\u00e0 ng\u01b0\u1eddi M\u1ef9 g\u1ed1c Philippines.<\/p>\n<figure id=\"attachment_871\" aria-describedby=\"caption-attachment-871\" style=\"width: 400px\" class=\"wp-caption aligncenter\"><a href=\"https:\/\/tim-ban-bon-phuong.vietdating.us\"><img loading=\"lazy\" decoding=\"async\" class=\"size-full wp-image-871\" src=\"https:\/\/tim-ban-bon-phuong.vietdating.us\/wp-content\/uploads\/2013\/05\/cho-Eden-cua-nguoi-viet-tai-my.jpg\" alt=\"Khu thuong mai Eden cua nguoi viet tai my\" width=\"400\" height=\"300\" srcset=\"https:\/\/vietdating.us\/blog-vn\/wp-content\/uploads\/2013\/05\/cho-Eden-cua-nguoi-viet-tai-my.jpg 400w, https:\/\/vietdating.us\/blog-vn\/wp-content\/uploads\/2013\/05\/cho-Eden-cua-nguoi-viet-tai-my-300x225.jpg 300w\" sizes=\"auto, (max-width: 400px) 100vw, 400px\" \/><\/a><figcaption id=\"caption-attachment-871\" class=\"wp-caption-text\">Khu thuong mai Eden cua nguoi viet tai my<\/figcaption><\/figure>\n<p>Ng\u01b0\u1eddi Vi\u1ec7t di c\u01b0 \u0111\u1ebfn Hoa K\u1ef3 b\u1eb1ng s\u1ed1 \u0111\u00f4ng k\u1ec3 t\u1eeb sau s\u1ef1 ki\u1ec7n 30 th\u00e1ng 4 n\u0103m 1975, v\u1edbi nh\u1eefng ng\u01b0\u1eddi nh\u1eadp c\u01b0 \u0111\u1ea7u ti\u00ean l\u00e0 nh\u1eefng ng\u01b0\u1eddi t\u1ecb n\u1ea1n c\u1ed9ng s\u1ea3n t\u1eeb mi\u1ec1n Nam Vi\u1ec7t Nam \u0111\u01b0\u1ee3c ch\u00ednh ph\u1ee7 Hoa K\u1ef3 di t\u1ea3n. Ti\u1ebfp theo l\u00e0 nh\u1eefng thuy\u1ec1n nh\u00e2n \u0111\u01b0\u1ee3c c\u1ed9ng \u0111\u1ed3ng qu\u1ed1c t\u1ebf c\u1ee9u v\u1edbt. G\u1ea7n \u0111\u00e2y, nh\u1eefng ng\u01b0\u1eddi Vi\u1ec7t \u0111\u1ecbnh c\u01b0 v\u00e0o Hoa K\u1ef3 ch\u1ee7 y\u1ebfu l\u00e0 \u0111\u1ec3 \u0111o\u00e0n t\u1ee5 gia \u0111\u00ecnh. B\u1eaft \u0111\u1ea7u t\u1eeb hai b\u00e0n tay tr\u1eafng, ng\u01b0\u1eddi M\u1ef9 g\u1ed1c Vi\u1ec7t \u0111\u00e3 h\u00f2a nh\u1eadp v\u00e0o x\u00e3 h\u1ed9i Hoa K\u1ef3 v\u00e0 tr\u1edf th\u00e0nh m\u1ed9t c\u1ed9ng \u0111\u1ed3ng d\u00e2n t\u1ed9c thi\u1ec3u s\u1ed1 \u0111\u00e1ng k\u1ec3 t\u1ea1i qu\u1ed1c gia n\u00e0y.<\/p>\n<figure id=\"attachment_1194\" aria-describedby=\"caption-attachment-1194\" style=\"width: 600px\" class=\"wp-caption aligncenter\"><a href=\"https:\/\/tim-ban-bon-phuong.vietdating.us\/wp-content\/uploads\/2013\/05\/Ket-xe-tai-Orlando-Florida.jpg\"><img loading=\"lazy\" decoding=\"async\" class=\"size-full wp-image-1194\" src=\"https:\/\/tim-ban-bon-phuong.vietdating.us\/wp-content\/uploads\/2013\/05\/Ket-xe-tai-Orlando-Florida.jpg\" alt=\"Ket xe tai Orlando Florida\" width=\"600\" height=\"399\" srcset=\"https:\/\/vietdating.us\/blog-vn\/wp-content\/uploads\/2013\/05\/Ket-xe-tai-Orlando-Florida.jpg 600w, https:\/\/vietdating.us\/blog-vn\/wp-content\/uploads\/2013\/05\/Ket-xe-tai-Orlando-Florida-300x199.jpg 300w\" sizes=\"auto, (max-width: 600px) 100vw, 600px\" \/><\/a><figcaption id=\"caption-attachment-1194\" class=\"wp-caption-text\">Ket xe tai Orlando Florida<\/figcaption><\/figure>\n<p>S\u1ed1ng \u1ee1 M\u1ef9 l\u00e2u r\u1ed3i n\u00ean t\u00f4i \u0111\u00e3 quen v\u00e0 r\u00fat \u0111\u01b0\u1ee3c b\u00e0i h\u1ecdc r\u1eb1ng: ng\u01b0\u1eddi ta ch\u1ea1y theo t\u1ed1t \u0111\u1ed9 c\u1ee7a nh\u1ecbp s\u1ed1ng n\u00ean r\u1ea5t \u00edt c\u00f3 b\u1ea1n b\u00e8. H\u1ecd ch\u1ec9 lo cho gia \u0111\u00ecnh v\u00e0 con c\u00e1i. Ng\u01b0\u1eddi Vi\u1ec7t h\u1ea3i ngo\u1ea1i kh\u00f4ng c\u00f3 th\u1eddi gian \u0111\u1ec3 \u0111i u\u1ed1n Cafe v\u00e0o bu\u1ed5i s\u00e1ng hay \u0111i nh\u1eadu v\u00e0o bu\u1ed5i chi\u1ec1u. C\u0169ng bu\u1ed3n l\u1eafm qu\u00fd v\u1ecb \u01a1i nh\u01b0ng h\u1ecd \u0111\u00e3 quen r\u1ed3i. Ng\u01b0\u1eddi Vi\u1ec7tnam t\u1ea1i M\u1ef9 \u00edt c\u00f3 ai &#8220;n\u1ed5&#8221; v\u1edbi nhau, ch\u1ec9 khi n\u00e0o h\u1ecd v\u1ec1 VN th\u00ec h\u1ecd m\u1edbi &#8220;n\u1ed5&#8221; th\u00f4i. V\u00ec \u1ee1 b\u00ean Hoa K\u1ef3 th\u00ec h\u1ea7u nh\u01b0 ai c\u0169ng gi\u1ed1ng ai. Khi ra \u0111\u01b0\u1eddng th\u00ec ch\u00fang ta kh\u00f4ng bi\u1ebft \u0111\u01b0\u1ee3c ai gi\u00e0u v\u00e0 ai ngh\u00e8o h\u01a1n ai \u0111\u00e2u v\u00ec t\u1ea5t c\u00e3 \u0111\u1ec1u l\u00e1y xe h\u01a1i b\u00f3ng lo\u00e1ng v\u00e0 \u0103n m\u1eb7t b\u1ea3nh bao, c\u1ed9ng v\u1edbi n\u01b0\u1edbc da tr\u1eafng tr\u1ebdo v\u00e0 ch\u1ea3y chu\u1ed1t. N\u00f3i chung ng\u01b0\u1eddi Vi\u1ec7t h\u1ea3i ngo\u1ea1i kh\u00f4ng s\u1ed1ng theo giai c\u1ea5p.<\/p>\n<p><strong><a title=\"Cuoc song nguoi Viet Kieu tai My\" href=\"https:\/\/tim-ban-bon-phuong.vietdating.us\/cuoc-song-nguoi-viet-kieu-o-ben-my-the-nao\/\">Cu\u1ed9c s\u1ed1ng ng\u01b0\u1eddi Vi\u1ec7t Ki\u1ec1u t\u1ea1i M\u1ef9<\/a><\/strong> c\u00f3 th\u1ec3 n\u00f3i l\u00e0 \u0111\u1ea3 h\u00ecnh th\u00e0nh 1 c\u1ed9ng \u0111\u1ed3ng r\u1ea5t l\u1edbn \u1ee1 th\u1eddi \u0111i\u1ec5m n\u00e0y. H\u1ecd l\u00e0m vi\u1ec7c c\u1ea7n c\u00f9 ch\u0103m ch\u1ec9 \u0111\u1ec3 nu\u00f4i con c\u00e1i \u0103n h\u1ecdc. M\u1ed9t s\u1ed1 con c\u00e1i c\u1ee7a h\u1ecd tr\u1edd th\u00e0nh b\u00e1c s\u1ec9, k\u1ef9 s\u01b0, etc. T\u00f4i r\u1ea5t h\u1ea3nh di\u1ec7n v\u00ec m\u00ecnh l\u00e0 ng\u01b0\u1eddi Vi\u1ec7tnam. N\u00f3i chung, cu\u1ed9c s\u1ed1ng ng\u01b0\u1eddi M\u1ef9 g\u1ed1c Vi\u1ec7t r\u1ea5t c\u1ef1c kh\u1ed5 nh\u01b0ng h\u1ecd \u0111\u1ea3 quen r\u1ed3i. Cu\u1ed9c s\u1ed1ng b\u00ean n\u00e0y ph\u1ea3i ch\u1ea1y theo th\u1eddi gian v\u00e0 nh\u1ecbp \u0111\u1eadp c\u1ee7a d\u00f2ng \u0111\u1eddi.<\/p>\n<p>C\u00f3 nhi\u1ec1u ng\u01b0\u1eddi hay n\u00f3i r\u1eb1ng con ng\u01b0\u1eddi ph\u1ea3i tu 9 ki\u1ebfp m\u1edbi \u0111\u01b0\u1ee3c qua M\u1ef9 sinh s\u1ed1ng. Th\u1eadt ra kh\u00f4ng c\u00f3 \u0111\u00fang v\u1eady \u0111\u00e2u v\u00ec thu nh\u1eadp t\u1ea1i \u0111\u00e2y cao nh\u01b0ng chi ti\u00eau c\u0169ng cao l\u1eafm. Nh\u01b0 t\u00f4i \u0111\u00e3 vi\u1ebft trong b\u00e0i <a title=\"Phu nu Viet Kieu hai ngoai\" href=\"https:\/\/tim-ban-bon-phuong.vietdating.us\/ai-noi-phu-nu-viet-kieu-nuoc-ngoai-suong-la-sai-lam\/\">Ph\u1ee5 n\u1eef VK h\u1ea3i ngo\u1ea1i kh\u00f4ng c\u00f3 s\u01b0\u1edbng \u0111\u00e2u<\/a>, trong th\u00e1ng 12 n\u0103m 2014, gi\u00e1 x\u0103ng trung b\u00ecnh l\u00e0 $2.69\/ Gallon(57 ng\u00e0n \u0111\u1ed3ng VN). 1 Gallon = 3.5 l\u00edt. V\u1eady 1 l\u00edt x\u0103ng b\u1eb1ng kho\u00e3n 16 ng\u00e0n t\u1ea1i US. Gi\u00e1 x\u0103ng RON 92 t\u1ea1i Viet Nam l\u00e0 20 ng\u00e0n v\u00e0o th\u1eddi \u0111i\u1ec5m n\u00e0y. V\u1eady th\u00ec gi\u00e1 x\u0103ng b\u00ean M\u1ef9 ch\u1ec9 h\u01a1i r\u1ebb h\u01a1n gi\u00e1 x\u0103ng t\u1ea1i VN v\u00e0i ng\u00e0n 1 l\u00edt th\u00f4i. Nh\u01b0ng t\u1ea1i M\u1ef9 th\u00ec ng\u01b0\u1eddi Vi\u1ec7t n\u01b0\u1edbc ngo\u00e0i ph\u1ea3i l\u00e1y xe kho\u00e3n 10 c\u00e2y s\u1ed1 1 chi\u1ec1u \u0111\u1ec3 \u0111i l\u00e0m n\u00ean ph\u1ea3i t\u1ed1n nhi\u1ec1u x\u0103ng h\u01a1n t\u1ea1i VN.<\/p>\n<figure id=\"attachment_1406\" aria-describedby=\"caption-attachment-1406\" style=\"width: 500px\" class=\"wp-caption aligncenter\"><a href=\"https:\/\/tim-ban-bon-phuong.vietdating.us\/wp-content\/uploads\/2013\/05\/Nghe-mong-tay-o-Hoa-Ky.jpg\"><img loading=\"lazy\" decoding=\"async\" class=\"size-full wp-image-1406\" src=\"https:\/\/tim-ban-bon-phuong.vietdating.us\/wp-content\/uploads\/2013\/05\/Nghe-mong-tay-o-Hoa-Ky.jpg\" alt=\"Ng\u01b0\u1eddi Vi\u1ec7t l\u00e0m m\u00f3ng tay (nail) t\u1ea1i M\u1ef9 (Hoa K\u1ef3)\" width=\"500\" height=\"334\" srcset=\"https:\/\/vietdating.us\/blog-vn\/wp-content\/uploads\/2013\/05\/Nghe-mong-tay-o-Hoa-Ky.jpg 500w, https:\/\/vietdating.us\/blog-vn\/wp-content\/uploads\/2013\/05\/Nghe-mong-tay-o-Hoa-Ky-300x200.jpg 300w\" sizes=\"auto, (max-width: 500px) 100vw, 500px\" \/><\/a><figcaption id=\"caption-attachment-1406\" class=\"wp-caption-text\">Ng\u01b0\u1eddi Vi\u1ec7t l\u00e0m m\u00f3ng tay (nail) t\u1ea1i M\u1ef9 (Hoa K\u1ef3)<\/figcaption><\/figure>\n<p>N\u00f3i v\u1ec1 thu nh\u1eadp th\u00ec t\u00f9y thu\u1ed9c v\u00e0o tr\u00ecnh \u0111\u1ed9. C\u00e1c ng\u00e0nh kh\u00f4ng tr\u00ecnh \u0111\u1ed9 nh\u01b0 \u0111i c\u1eaft c\u1ecf m\u01b0\u1edbn, \u0111i l\u00e0m x\u00e2y d\u1ef1ng, l\u00e0m m\u00f3ng tay (nail) th\u00ec thu nh\u1eadp kh\u00e1c v\u1edbi ngh\u1ec1 c\u00f3 b\u1eb1ng c\u1ea5p nh\u01b0 k\u1ef9 s\u01b0, y t\u00e1, nha s\u1ec9, b\u00e1c s\u1ec9, lu\u1eadt s\u01b0. V\u00ed d\u1ee5 nh\u01b0 ngh\u1ec1 nail th\u00ec ng\u01b0\u1eddi ta ki\u1ebfm \u0111\u01b0\u1ee3c kho\u00e3n $3,000 hay 100 tri\u1ec7u \u0111\u1ed3ng VN m\u1ed5i th\u00e1ng. C\u1eaft c\u1ecf m\u01b0\u1edbn th\u00ec c\u0169ng kho\u00e3n b\u1eb1ng ng\u00e0nh nail n\u1ebfu l\u00e0m 30 ng\u00e0y 1 th\u00e1ng v\u00ec ch\u1ee7 tr\u1ea3 cho ng\u01b0\u1eddi th\u1ee3 $100 m\u1ed5i ng\u00e0y. N\u1ebfu c\u00f3 b\u1eb1ng c\u1ea5p \u0111\u1ea1i h\u1ecdc v\u1ec1 vi t\u00ednh th\u00ec l\u01b0\u01a1ng kho\u00e3ng $4,000 hay 120 tri\u1ec7u \u0111\u1ed3ng khi m\u1edbi ra tr\u01b0\u1eddng. Khi \u0111\u00e3 c\u00f3 kinh nghi\u1ec7m nhi\u1ec1u 10 n\u0103m tr\u1ee1 l\u00ean, thu nh\u1eadp c\u1ee7a h\u1ecd c\u00f3 th\u1ec3 t\u0103ng l\u00ean $9,000 hay 300 tri\u1ec7u m\u1ed1i th\u00e1ng.<\/p>\n<figure id=\"attachment_1407\" aria-describedby=\"caption-attachment-1407\" style=\"width: 478px\" class=\"wp-caption aligncenter\"><a href=\"https:\/\/tim-ban-bon-phuong.vietdating.us\/wp-content\/uploads\/2013\/05\/Nghe-cat-co-tai-Hoa-My-My.jpg\"><img loading=\"lazy\" decoding=\"async\" class=\"size-full wp-image-1407\" src=\"https:\/\/tim-ban-bon-phuong.vietdating.us\/wp-content\/uploads\/2013\/05\/Nghe-cat-co-tai-Hoa-My-My.jpg\" alt=\"Ng\u01b0\u1eddi Vi\u1ec7t l\u00e0m ngh\u1ec1 c\u1eaft c\u1ecf t\u1ea1i Hoa K\u1ef3 (M\u1ef9)\" width=\"478\" height=\"409\" srcset=\"https:\/\/vietdating.us\/blog-vn\/wp-content\/uploads\/2013\/05\/Nghe-cat-co-tai-Hoa-My-My.jpg 478w, https:\/\/vietdating.us\/blog-vn\/wp-content\/uploads\/2013\/05\/Nghe-cat-co-tai-Hoa-My-My-300x257.jpg 300w\" sizes=\"auto, (max-width: 478px) 100vw, 478px\" \/><\/a><figcaption id=\"caption-attachment-1407\" class=\"wp-caption-text\">Ng\u01b0\u1eddi Vi\u1ec7t l\u00e0m ngh\u1ec1 c\u1eaft c\u1ecf t\u1ea1i Hoa K\u1ef3 (M\u1ef9)<\/figcaption><\/figure>\n<p>Cho n\u00ean n\u1ebfu qua M\u1ef9, t\u00f4i khuy\u00ean c\u00e1c b\u1ea1n n\u00ean \u0111i h\u1ecdc \u0111\u1ea1i h\u1ecdc \u0111\u1ec3 c\u00f3 c\u00e1i b\u1eb1ng Bachelor nh\u00e9. B\u00ean M\u1ef9 n\u00e0y kh\u00f4ng y\u00eau c\u1ea7u b\u1ea1n ph\u1ea3i thi \u0111\u1ea1i h\u1ecdc gi\u1ed1ng ki\u1ec3u b\u00ean VN. N\u1ebfu l\u00e0 ng\u01b0\u1eddi m\u1edbi sang \u0111\u00e2y th\u00ec b\u1ea1n c\u00f3 th\u1ec3 h\u1ecdc ti\u1ebfng anh v\u00e0 v\u00e0o tr\u01b0\u1eddng \u0111\u1ea1i h\u1ecdc c\u1ed9ng \u0111\u1ed3ng (community college), l\u1ea5y c\u00e1i test ti\u1ebfng anh \u0111\u1ec3 tr\u01b0\u1eddng x\u1ebfp cho b\u1ea1n level m\u1ea5y. Sau \u0111\u00f3 b\u1ea1n c\u00f3 th\u1ec3 l\u1ea5y c\u00e1c l\u1edbp chuy\u00ean ng\u00e0nh. N\u1ebfu \u0111\u1ee7 credit th\u00ec b\u1ea1n c\u00f3 th\u1ec3 chuy\u1ec5n l\u00ean \u0111\u1ea1i h\u1ecdc.<\/p>\n<p>C\u00f3 nhi\u1ec1u ng\u01b0\u1eddi Vietnam m\u1edbi sang M\u1ef9 h\u1ecd th\u1ea5y l\u00e0m ti\u1ec1n nhi\u1ec1u qu\u00e1, n\u00ean kh\u00f4ng th\u00e8m \u0111i h\u1ecdc n\u1eefa, k\u1ebft qu\u1ea3 l\u00e0 h\u1ecd ch\u1ec9 d\u1eebng l\u1ea1i \u1ee1 m\u1ee9c l\u01b0\u01a1ng \u0111\u00f3 th\u00f4i. Trong khi ng\u01b0\u1eddi h\u1ecdc sinh ch\u1ecbu t\u00fang thi\u1ebfu m\u1ed9t ch\u00fac, \u0111i h\u1ecdc, l\u1ea5y b\u1eb1ng BS, c\u00f3 vi\u1ec7c l\u00e0m t\u1ed1t, v\u00e0 thu nh\u1eadp g\u1ea5p 3 hay 5 l\u1ea7n so v\u1edbi ng\u01b0\u1eddi kh\u00f4ng c\u00f3 b\u1eb1ng \u0111\u1ea1i h\u1ecdc, sau 10 n\u0103m l\u00e0m vi\u1ec7c.<\/p>\n<p>V\u00ec sao 10 n\u0103m l\u00e0m vi\u1ec7c, ng\u01b0\u1eddi th\u1ee3 nail ch\u1ec9 ki\u1ebfm \u0111\u01b0\u1ee3c 100,000,000 VN \u0111\u1ed3ng m\u1ed5i th\u00e1ng, nh\u01b0ng ng\u01b0\u1eddi c\u00f3 b\u1eb1ng c\u1ea5p \u0111\u1ea1i h\u1ecdc ki\u1ebfm \u0111\u01b0\u1ee3c 300,000,000 VN \u0111\u1ed3ng m\u1ed5i th\u00e1ng, g\u1ea5p 3 l\u1ea7n.<\/p>\n<p>Cho n\u00ean qu\u00fd v\u1ecb n\u00e0o t\u1ea1i VN m\u00e0 thu nh\u1eadp tr\u00ean 300,000,000 \u0111\u1ed3ng trong 1 th\u00e1ng, th\u00ec t\u00f4i khuy\u00ean n\u00ean s\u1ed1ng \u1ee1 VN \u0111i v\u00ec sang USA s\u1ebb h\u1ed1i h\u1eadn \u0111\u00f3. M\u1eb7c d\u00f9 thu nh\u1eadp t\u1ea1i \u0111\u00e2y cao nh\u01b0ng ti\u1ec1n thu\u1ebf c\u0169ng r\u1ea5t cao v\u00e0 chi ti\u00eau c\u0169ng cao l\u1eafm, nh\u01b0 t\u00f4i \u0111\u00e3 tr\u00ecnh b\u00e0i gi\u00e1 x\u0103ng \u1ee1 tr\u00ean.<\/p>\n<p>\u0110\u1ed1i v\u1edbi t\u00f4i, m\u1ed9t ng\u01b0\u1eddi \u0111\u00e3 s\u1ed1ng t\u1ea1i M\u1ef9 g\u1ea7n 30 n\u0103m, xin n\u00f3i r\u1eb1ng:<\/p>\n<p><span style=\"color: #ff0000;\"><strong>&#8220;Xin c\u00e1m \u01a1n th\u01b0\u1ee3ng \u0111\u1ebf \u0111\u00e3 cho t\u00f4i \u0111\u01b0\u1ee3c s\u1ed1ng \u1ee1 x\u1ee9 thi\u00ean \u0111\u00e0ng&#8221;<\/strong><\/span><\/p>\n\n\n<p class=\"has-text-color has-background has-very-dark-gray-color has-pale-cyan-blue-background-color\">P.S.  G\u1ea7n \u0111\u00e2y Tony th\u1ea5y nhi\u1ec1u ch\u1ecb em \u0111\u0103ng h\u00ecnh \u1ea3nh tr\u1ea7n tru\u1ed3ng c\u1ee7a m\u1ea5y anh  Vi\u1ec7t Ki\u1ec1u tr\u00ean Facebook va c\u00e1c m\u1ea1ng x\u1ea3 h\u1ed9i kh\u00e1c, t\u00f4i ngh\u1ec9 ch\u1ecb em kh\u00f4ng  n\u00ean l\u00e0m v\u1eady nh\u00e9. T\u00f4i bi\u1ebft nhi\u1ec1u ch\u1ecb em b\u1ee9t x\u00fac khi m\u1ea5y \u00f4ng VK ph\u00f4 tr\u01b0\u01a1ng  ph\u1ea7n nh\u1ea1y c\u1ea3m l\u00fac chat, l\u00fac t\u1ef1 s\u01b0\u1edbng, cho ch\u1ecb em nh\u00ecn th\u1ea5y, n\u00ean nhi\u1ec1u  ng\u01b0\u1eddi t\u1ee9c v\u00ec kh\u00f4ng \u0111\u01b0\u1ee3c t\u00f4n tr\u1ecdng. Tuy nhi\u00ean, n\u1ebfu r\u1ee7i b\u00e0 con, hay gia  \u0111\u00ecnh c\u1ee7a m\u1ea5y \u00f4ng n\u00e0y nh\u00ecn th\u1ea5y h\u00ecnh nh\u1ea1y c\u00e3m n\u00e0y, th\u00ec c\u0169ng t\u1ed9i nghi\u1ec7p  cho h\u1ecd. <\/p>\n","protected":false},"excerpt":{"rendered":"<p>Ng\u01b0\u1eddi M\u1ef9 g\u1ed1c Vi\u1ec7t (ti\u1ebfng Anh: Vietnamese American) l\u00e0 nh\u1eefng ng\u01b0\u1eddi \u0111\u1ecbnh c\u01b0 t\u1ea1i Hoa&#8230;<\/p>\n","protected":false},"author":1,"featured_media":0,"parent":0,"menu_order":1,"comment_status":"open","ping_status":"open","template":"","meta":{"footnotes":""},"class_list":["post-372","page","type-page","status-publish","hentry"],"yoast_head":"<!-- This site is optimized with the Yoast SEO plugin v24.5 - https:\/\/yoast.com\/wordpress\/plugins\/seo\/ -->\n<title>Vi\u1ec7t Ki\u1ec1u M\u1ef9 - T\u00ecm B\u1ea1n B\u1ed1n Ph\u01b0\u01a1ng Blog<\/title>\n<meta name=\"robots\" content=\"index, follow, max-snippet:-1, max-image-preview:large, max-video-preview:-1\" \/>\n<link rel=\"canonical\" href=\"https:\/\/vietdating.us\/blog-vn\/viet-kieu-my\/\" \/>\n<meta property=\"og:locale\" content=\"vi_VN\" \/>\n<meta property=\"og:type\" content=\"article\" \/>\n<meta property=\"og:title\" content=\"Vi\u1ec7t Ki\u1ec1u M\u1ef9 - T\u00ecm B\u1ea1n B\u1ed1n Ph\u01b0\u01a1ng Blog\" \/>\n<meta property=\"og:description\" content=\"Ng\u01b0\u1eddi M\u1ef9 g\u1ed1c Vi\u1ec7t (ti\u1ebfng Anh: Vietnamese American) l\u00e0 nh\u1eefng ng\u01b0\u1eddi \u0111\u1ecbnh c\u01b0 t\u1ea1i Hoa...\" \/>\n<meta property=\"og:url\" content=\"https:\/\/vietdating.us\/blog-vn\/viet-kieu-my\/\" \/>\n<meta property=\"og:site_name\" content=\"T\u00ecm B\u1ea1n B\u1ed1n Ph\u01b0\u01a1ng Blog\" \/>\n<meta property=\"article:modified_time\" content=\"2019-09-07T10:04:15+00:00\" \/>\n<meta property=\"og:image\" content=\"https:\/\/vietdating.us\/blog-vn\/wp-content\/uploads\/2013\/05\/cho-Eden-cua-nguoi-viet-tai-my.jpg\" \/>\n\t<meta property=\"og:image:width\" content=\"400\" \/>\n\t<meta property=\"og:image:height\" content=\"300\" \/>\n\t<meta property=\"og:image:type\" content=\"image\/jpeg\" \/>\n<meta name=\"twitter:card\" content=\"summary_large_image\" \/>\n<meta name=\"twitter:label1\" content=\"\u01af\u1edbc t\u00ednh th\u1eddi gian \u0111\u1ecdc\" \/>\n\t<meta name=\"twitter:data1\" content=\"8 ph\u00fat\" \/>\n<script type=\"application\/ld+json\" class=\"yoast-schema-graph\">{\"@context\":\"https:\/\/schema.org\",\"@graph\":[{\"@type\":\"WebPage\",\"@id\":\"https:\/\/vietdating.us\/blog-vn\/viet-kieu-my\/\",\"url\":\"https:\/\/vietdating.us\/blog-vn\/viet-kieu-my\/\",\"name\":\"Vi\u1ec7t Ki\u1ec1u M\u1ef9 - T\u00ecm B\u1ea1n B\u1ed1n Ph\u01b0\u01a1ng Blog\",\"isPartOf\":{\"@id\":\"https:\/\/vietdating.us\/blog-vn\/#website\"},\"primaryImageOfPage\":{\"@id\":\"https:\/\/vietdating.us\/blog-vn\/viet-kieu-my\/#primaryimage\"},\"image\":{\"@id\":\"https:\/\/vietdating.us\/blog-vn\/viet-kieu-my\/#primaryimage\"},\"thumbnailUrl\":\"https:\/\/tim-ban-bon-phuong.vietdating.us\/wp-content\/uploads\/2013\/05\/cho-Eden-cua-nguoi-viet-tai-my.jpg\",\"datePublished\":\"2013-05-17T13:58:27+00:00\",\"dateModified\":\"2019-09-07T10:04:15+00:00\",\"breadcrumb\":{\"@id\":\"https:\/\/vietdating.us\/blog-vn\/viet-kieu-my\/#breadcrumb\"},\"inLanguage\":\"vi\",\"potentialAction\":[{\"@type\":\"ReadAction\",\"target\":[\"https:\/\/vietdating.us\/blog-vn\/viet-kieu-my\/\"]}]},{\"@type\":\"ImageObject\",\"inLanguage\":\"vi\",\"@id\":\"https:\/\/vietdating.us\/blog-vn\/viet-kieu-my\/#primaryimage\",\"url\":\"https:\/\/tim-ban-bon-phuong.vietdating.us\/wp-content\/uploads\/2013\/05\/cho-Eden-cua-nguoi-viet-tai-my.jpg\",\"contentUrl\":\"https:\/\/tim-ban-bon-phuong.vietdating.us\/wp-content\/uploads\/2013\/05\/cho-Eden-cua-nguoi-viet-tai-my.jpg\"},{\"@type\":\"BreadcrumbList\",\"@id\":\"https:\/\/vietdating.us\/blog-vn\/viet-kieu-my\/#breadcrumb\",\"itemListElement\":[{\"@type\":\"ListItem\",\"position\":1,\"name\":\"Trang ch\u1ee7\",\"item\":\"https:\/\/vietdating.us\/blog-vn\/\"},{\"@type\":\"ListItem\",\"position\":2,\"name\":\"Vi\u1ec7t Ki\u1ec1u M\u1ef9\"}]},{\"@type\":\"WebSite\",\"@id\":\"https:\/\/vietdating.us\/blog-vn\/#website\",\"url\":\"https:\/\/vietdating.us\/blog-vn\/\",\"name\":\"T\u00ecm B\u1ea1n B\u1ed1n Ph\u01b0\u01a1ng Blog\",\"description\":\"H\u1ea1t Gi\u1ed1ng T\u00e2m H\u1ed3n, T\u00ecm B\u1ea1n B\u1ed1n Ph\u01b0\u01a1ng\",\"potentialAction\":[{\"@type\":\"SearchAction\",\"target\":{\"@type\":\"EntryPoint\",\"urlTemplate\":\"https:\/\/vietdating.us\/blog-vn\/?s={search_term_string}\"},\"query-input\":{\"@type\":\"PropertyValueSpecification\",\"valueRequired\":true,\"valueName\":\"search_term_string\"}}],\"inLanguage\":\"vi\"}]}<\/script>\n<!-- \/ Yoast SEO plugin. -->","yoast_head_json":{"title":"Vi\u1ec7t Ki\u1ec1u M\u1ef9 - T\u00ecm B\u1ea1n B\u1ed1n Ph\u01b0\u01a1ng Blog","robots":{"index":"index","follow":"follow","max-snippet":"max-snippet:-1","max-image-preview":"max-image-preview:large","max-video-preview":"max-video-preview:-1"},"canonical":"https:\/\/vietdating.us\/blog-vn\/viet-kieu-my\/","og_locale":"vi_VN","og_type":"article","og_title":"Vi\u1ec7t Ki\u1ec1u M\u1ef9 - T\u00ecm B\u1ea1n B\u1ed1n Ph\u01b0\u01a1ng Blog","og_description":"Ng\u01b0\u1eddi M\u1ef9 g\u1ed1c Vi\u1ec7t (ti\u1ebfng Anh: Vietnamese American) l\u00e0 nh\u1eefng ng\u01b0\u1eddi \u0111\u1ecbnh c\u01b0 t\u1ea1i Hoa...","og_url":"https:\/\/vietdating.us\/blog-vn\/viet-kieu-my\/","og_site_name":"T\u00ecm B\u1ea1n B\u1ed1n Ph\u01b0\u01a1ng Blog","article_modified_time":"2019-09-07T10:04:15+00:00","og_image":[{"width":400,"height":300,"url":"https:\/\/vietdating.us\/blog-vn\/wp-content\/uploads\/2013\/05\/cho-Eden-cua-nguoi-viet-tai-my.jpg","type":"image\/jpeg"}],"twitter_card":"summary_large_image","twitter_misc":{"\u01af\u1edbc t\u00ednh th\u1eddi gian \u0111\u1ecdc":"8 ph\u00fat"},"schema":{"@context":"https:\/\/schema.org","@graph":[{"@type":"WebPage","@id":"https:\/\/vietdating.us\/blog-vn\/viet-kieu-my\/","url":"https:\/\/vietdating.us\/blog-vn\/viet-kieu-my\/","name":"Vi\u1ec7t Ki\u1ec1u M\u1ef9 - T\u00ecm B\u1ea1n B\u1ed1n Ph\u01b0\u01a1ng Blog","isPartOf":{"@id":"https:\/\/vietdating.us\/blog-vn\/#website"},"primaryImageOfPage":{"@id":"https:\/\/vietdating.us\/blog-vn\/viet-kieu-my\/#primaryimage"},"image":{"@id":"https:\/\/vietdating.us\/blog-vn\/viet-kieu-my\/#primaryimage"},"thumbnailUrl":"https:\/\/tim-ban-bon-phuong.vietdating.us\/wp-content\/uploads\/2013\/05\/cho-Eden-cua-nguoi-viet-tai-my.jpg","datePublished":"2013-05-17T13:58:27+00:00","dateModified":"2019-09-07T10:04:15+00:00","breadcrumb":{"@id":"https:\/\/vietdating.us\/blog-vn\/viet-kieu-my\/#breadcrumb"},"inLanguage":"vi","potentialAction":[{"@type":"ReadAction","target":["https:\/\/vietdating.us\/blog-vn\/viet-kieu-my\/"]}]},{"@type":"ImageObject","inLanguage":"vi","@id":"https:\/\/vietdating.us\/blog-vn\/viet-kieu-my\/#primaryimage","url":"https:\/\/tim-ban-bon-phuong.vietdating.us\/wp-content\/uploads\/2013\/05\/cho-Eden-cua-nguoi-viet-tai-my.jpg","contentUrl":"https:\/\/tim-ban-bon-phuong.vietdating.us\/wp-content\/uploads\/2013\/05\/cho-Eden-cua-nguoi-viet-tai-my.jpg"},{"@type":"BreadcrumbList","@id":"https:\/\/vietdating.us\/blog-vn\/viet-kieu-my\/#breadcrumb","itemListElement":[{"@type":"ListItem","position":1,"name":"Trang ch\u1ee7","item":"https:\/\/vietdating.us\/blog-vn\/"},{"@type":"ListItem","position":2,"name":"Vi\u1ec7t Ki\u1ec1u M\u1ef9"}]},{"@type":"WebSite","@id":"https:\/\/vietdating.us\/blog-vn\/#website","url":"https:\/\/vietdating.us\/blog-vn\/","name":"T\u00ecm B\u1ea1n B\u1ed1n Ph\u01b0\u01a1ng Blog","description":"H\u1ea1t Gi\u1ed1ng T\u00e2m H\u1ed3n, T\u00ecm B\u1ea1n B\u1ed1n Ph\u01b0\u01a1ng","potentialAction":[{"@type":"SearchAction","target":{"@type":"EntryPoint","urlTemplate":"https:\/\/vietdating.us\/blog-vn\/?s={search_term_string}"},"query-input":{"@type":"PropertyValueSpecification","valueRequired":true,"valueName":"search_term_string"}}],"inLanguage":"vi"}]}},"_links":{"self":[{"href":"https:\/\/vietdating.us\/blog-vn\/wp-json\/wp\/v2\/pages\/372","targetHints":{"allow":["GET"]}}],"collection":[{"href":"https:\/\/vietdating.us\/blog-vn\/wp-json\/wp\/v2\/pages"}],"about":[{"href":"https:\/\/vietdating.us\/blog-vn\/wp-json\/wp\/v2\/types\/page"}],"author":[{"embeddable":true,"href":"https:\/\/vietdating.us\/blog-vn\/wp-json\/wp\/v2\/users\/1"}],"replies":[{"embeddable":true,"href":"https:\/\/vietdating.us\/blog-vn\/wp-json\/wp\/v2\/comments?post=372"}],"version-history":[{"count":24,"href":"https:\/\/vietdating.us\/blog-vn\/wp-json\/wp\/v2\/pages\/372\/revisions"}],"predecessor-version":[{"id":2318,"href":"https:\/\/vietdating.us\/blog-vn\/wp-json\/wp\/v2\/pages\/372\/revisions\/2318"}],"wp:attachment":[{"href":"https:\/\/vietdating.us\/blog-vn\/wp-json\/wp\/v2\/media?parent=372"}],"curies":[{"name":"wp","href":"https:\/\/api.w.org\/{rel}","templated":true}]}}