{"id":1256,"date":"2014-11-01T14:23:24","date_gmt":"2014-11-01T14:23:24","guid":{"rendered":"https:\/\/tim-ban-bon-phuong.vietdating.us\/?page_id=1256"},"modified":"2017-03-10T18:12:40","modified_gmt":"2017-03-10T23:12:40","slug":"bao-lanh-vo-chong","status":"publish","type":"page","link":"https:\/\/vietdating.us\/blog-vn\/bao-lanh-vo-chong\/","title":{"rendered":"B\u1ea3o L\u00e3nh V\u1ee3 Ch\u1ed3ng"},"content":{"rendered":"<p>B\u1ea3o l\u00e3nh h\u00f4n th\u00ea, h\u00f4n phu, v\u1ee3 ho\u1eb7c ch\u1ed3ng sang n\u01b0\u1edbc ngo\u00e0i \u0111\u1ecbnh c\u01b0, qu\u00fd v\u1ecb c\u00f3 th\u1ec3 xem c\u00e1c b\u00e0i d\u01b0\u1edbi \u0111\u00e2y. Ch\u00fang t\u00f4i h\u01b0\u1edbng d\u1eabn qu\u00fd v\u1ecb c\u00e1ch l\u00e0m VISA, v\u00e0 th\u1ee7 t\u1ee5c b\u1ea3o l\u00e3nh sang 4 qu\u1ed1c gia c\u00f3 nhi\u1ec1u ng\u01b0\u1eddi Vi\u1ec7t Ki\u1ec1u sinh s\u1ed1ng, g\u1ed3m c\u00f3 Hoa K\u1ef3 (America hay USA), \u00dac (Australia), Canada, Ph\u00e1p v\u00e0 \u0110\u1ee9c. C\u00e1c b\u1ea1n c\u00f3 th\u1ec3 click v\u00e0o m\u1ed5i link b\u00ean d\u01b0\u1edbi \u0111\u1ec3 xem chi ti\u1ebft nh\u00e9.<\/p>\n<p><strong>Tr\u01b0\u1eddng h\u1ee3p ng\u01b0\u1eddi ch\u1ed3ng kh\u00f4ng c\u1ea7n v\u1ec1 Vi\u1ec7tnam<\/strong><\/p>\n<p>N\u1ebfu ph\u1ee5 n\u1eef t\u1ea1i Vi\u1ec7tnam quen v\u1edbi b\u1ea1n trai b\u00ean M\u1ef9 hay Canada m\u00e0 c\u00f3 th\u1ec3 t\u1ef1 \u0111i du l\u1ecbch sang \u0111\u00e2y, th\u00ec ng\u01b0\u1eddi \u0111\u00e0n \u00f4ng c\u00f3 th\u1ec3 l\u00e0m gi\u1ea5y h\u00f4n th\u00fa t\u1ea1i n\u01b0\u1edbc ngo\u00e0i. N\u00ean l\u00e0m sau 1 hay 2 th\u00e1ng khi \u0111\u00e3 sang \u0111\u00e2y. Trong l\u00fac gi\u1ea5y t\u1edd \u0111ang ti\u1ebfn tr\u00ecnh th\u00ec ng\u01b0\u1eddi ph\u1ee5 n\u1eef kh\u00f4ng \u0111\u01b0\u1ee3c v\u1ec1 Vi\u1ec7tnam m\u00e0 ph\u1ea3i ch\u1edd t\u1eeb 1 \u0111\u1ebfn 2 n\u0103m, \u0111\u1ebfn khi ho\u00e0n t\u1ea5t gi\u1ea5y t\u1edd.<\/p>\n<p>Ch\u00fac qu\u00fd v\u1ecb nhi\u1ec1u may m\u1eafng.<\/p>\n<figure id=\"attachment_1257\" aria-describedby=\"caption-attachment-1257\" style=\"width: 300px\" class=\"wp-caption aligncenter\"><a href=\"https:\/\/tim-ban-bon-phuong.vietdating.us\/wp-content\/uploads\/2014\/11\/Dam-cuoi-Viet-Kieu.jpg\"><img loading=\"lazy\" decoding=\"async\" class=\"size-full wp-image-1257\" src=\"https:\/\/tim-ban-bon-phuong.vietdating.us\/wp-content\/uploads\/2014\/11\/Dam-cuoi-Viet-Kieu.jpg\" alt=\"Dam cuoi Viet Kieu\" width=\"300\" height=\"442\" \/><\/a><figcaption id=\"caption-attachment-1257\" class=\"wp-caption-text\">Dam cuoi Viet Kieu<\/figcaption><\/figure>\n<p><a href=\"https:\/\/tim-ban-bon-phuong.vietdating.us\/bao-lanh-vo-chong-den-hoa-ky-my-usa\/\">https:\/\/tim-ban-bon-phuong.vietdating.us\/bao-lanh-vo-chong-den-hoa-ky-my-usa\/<\/a><\/p>\n<p><b>B\u1ea3o l\u00e3nh sang M\u1ef9<\/b><\/p>\n<p>&nbsp;<\/p>\n<p><a href=\"https:\/\/tim-ban-bon-phuong.vietdating.us\/thu-tuc-bao-lanh-vo-chong-o-canada\/\">https:\/\/tim-ban-bon-phuong.vietdating.us\/thu-tuc-bao-lanh-vo-chong-o-canada\/<\/a><\/p>\n<p><b>B\u1ea3o l\u00e3nh sang Canada<\/b><\/p>\n<p>&nbsp;<\/p>\n<p><a href=\"https:\/\/tim-ban-bon-phuong.vietdating.us\/thu-tuc-ket-hon-va-bao-lanh-vo-chong-sang-uc-australia\/\">https:\/\/tim-ban-bon-phuong.vietdating.us\/thu-tuc-ket-hon-va-bao-lanh-vo-chong-sang-uc-australia\/<\/a><\/p>\n<p><b>B\u1ea3o l\u00e3nh sang \u00dac<\/b><\/p>\n<p>&nbsp;<\/p>\n<p><a href=\"https:\/\/tim-ban-bon-phuong.vietdating.us\/visa-cho-nguoi-phoi-ngau-cua-mot-cong-dan-quoc-gia-lien-minh-chau-au-phap\/\">https:\/\/tim-ban-bon-phuong.vietdating.us\/visa-cho-nguoi-phoi-ngau-cua-mot-cong-dan-quoc-gia-lien-minh-chau-au-phap\/<\/a><\/p>\n<p><b>B\u1ea3o l\u00e3nh sang Ph\u00e1p<\/b><\/p>\n<p>&nbsp;<\/p>\n<p><a href=\"https:\/\/tim-ban-bon-phuong.vietdating.us\/thu-tuc-ket-hon-va-bao-lanh-vo-chong-sang-duc\/\">https:\/\/tim-ban-bon-phuong.vietdating.us\/thu-tuc-ket-hon-va-bao-lanh-vo-chong-sang-duc\/<\/a><\/p>\n<p><b>B\u1ea3o l\u00e3nh sang \u0110\u1ee9c<\/b><\/p>\n","protected":false},"excerpt":{"rendered":"<p>B\u1ea3o l\u00e3nh h\u00f4n th\u00ea, h\u00f4n phu, v\u1ee3 ho\u1eb7c ch\u1ed3ng sang n\u01b0\u1edbc ngo\u00e0i \u0111\u1ecbnh c\u01b0, qu\u00fd&#8230;<\/p>\n","protected":false},"author":1,"featured_media":0,"parent":0,"menu_order":0,"comment_status":"open","ping_status":"open","template":"","meta":{"footnotes":""},"class_list":["post-1256","page","type-page","status-publish","hentry"],"yoast_head":"<!-- This site is optimized with the Yoast SEO plugin v24.5 - https:\/\/yoast.com\/wordpress\/plugins\/seo\/ -->\n<title>B\u1ea3o L\u00e3nh V\u1ee3 Ch\u1ed3ng - T\u00ecm B\u1ea1n B\u1ed1n Ph\u01b0\u01a1ng Blog<\/title>\n<meta name=\"robots\" content=\"index, follow, max-snippet:-1, max-image-preview:large, max-video-preview:-1\" \/>\n<link rel=\"canonical\" href=\"https:\/\/vietdating.us\/blog-vn\/bao-lanh-vo-chong\/\" \/>\n<meta property=\"og:locale\" content=\"vi_VN\" \/>\n<meta property=\"og:type\" content=\"article\" \/>\n<meta property=\"og:title\" content=\"B\u1ea3o L\u00e3nh V\u1ee3 Ch\u1ed3ng - T\u00ecm B\u1ea1n B\u1ed1n Ph\u01b0\u01a1ng Blog\" \/>\n<meta property=\"og:description\" content=\"B\u1ea3o l\u00e3nh h\u00f4n th\u00ea, h\u00f4n phu, v\u1ee3 ho\u1eb7c ch\u1ed3ng sang n\u01b0\u1edbc ngo\u00e0i \u0111\u1ecbnh c\u01b0, qu\u00fd...\" \/>\n<meta property=\"og:url\" content=\"https:\/\/vietdating.us\/blog-vn\/bao-lanh-vo-chong\/\" \/>\n<meta property=\"og:site_name\" content=\"T\u00ecm B\u1ea1n B\u1ed1n Ph\u01b0\u01a1ng Blog\" \/>\n<meta property=\"article:modified_time\" content=\"2017-03-10T23:12:40+00:00\" \/>\n<meta name=\"twitter:card\" content=\"summary_large_image\" \/>\n<meta name=\"twitter:label1\" content=\"\u01af\u1edbc t\u00ednh th\u1eddi gian \u0111\u1ecdc\" \/>\n\t<meta name=\"twitter:data1\" content=\"2 ph\u00fat\" \/>\n<script type=\"application\/ld+json\" class=\"yoast-schema-graph\">{\"@context\":\"https:\/\/schema.org\",\"@graph\":[{\"@type\":\"WebPage\",\"@id\":\"https:\/\/vietdating.us\/blog-vn\/bao-lanh-vo-chong\/\",\"url\":\"https:\/\/vietdating.us\/blog-vn\/bao-lanh-vo-chong\/\",\"name\":\"B\u1ea3o L\u00e3nh V\u1ee3 Ch\u1ed3ng - T\u00ecm B\u1ea1n B\u1ed1n Ph\u01b0\u01a1ng Blog\",\"isPartOf\":{\"@id\":\"https:\/\/vietdating.us\/blog-vn\/#website\"},\"primaryImageOfPage\":{\"@id\":\"https:\/\/vietdating.us\/blog-vn\/bao-lanh-vo-chong\/#primaryimage\"},\"image\":{\"@id\":\"https:\/\/vietdating.us\/blog-vn\/bao-lanh-vo-chong\/#primaryimage\"},\"thumbnailUrl\":\"https:\/\/tim-ban-bon-phuong.vietdating.us\/wp-content\/uploads\/2014\/11\/Dam-cuoi-Viet-Kieu.jpg\",\"datePublished\":\"2014-11-01T14:23:24+00:00\",\"dateModified\":\"2017-03-10T23:12:40+00:00\",\"breadcrumb\":{\"@id\":\"https:\/\/vietdating.us\/blog-vn\/bao-lanh-vo-chong\/#breadcrumb\"},\"inLanguage\":\"vi\",\"potentialAction\":[{\"@type\":\"ReadAction\",\"target\":[\"https:\/\/vietdating.us\/blog-vn\/bao-lanh-vo-chong\/\"]}]},{\"@type\":\"ImageObject\",\"inLanguage\":\"vi\",\"@id\":\"https:\/\/vietdating.us\/blog-vn\/bao-lanh-vo-chong\/#primaryimage\",\"url\":\"https:\/\/tim-ban-bon-phuong.vietdating.us\/wp-content\/uploads\/2014\/11\/Dam-cuoi-Viet-Kieu.jpg\",\"contentUrl\":\"https:\/\/tim-ban-bon-phuong.vietdating.us\/wp-content\/uploads\/2014\/11\/Dam-cuoi-Viet-Kieu.jpg\"},{\"@type\":\"BreadcrumbList\",\"@id\":\"https:\/\/vietdating.us\/blog-vn\/bao-lanh-vo-chong\/#breadcrumb\",\"itemListElement\":[{\"@type\":\"ListItem\",\"position\":1,\"name\":\"Trang ch\u1ee7\",\"item\":\"https:\/\/vietdating.us\/blog-vn\/\"},{\"@type\":\"ListItem\",\"position\":2,\"name\":\"B\u1ea3o L\u00e3nh V\u1ee3 Ch\u1ed3ng\"}]},{\"@type\":\"WebSite\",\"@id\":\"https:\/\/vietdating.us\/blog-vn\/#website\",\"url\":\"https:\/\/vietdating.us\/blog-vn\/\",\"name\":\"T\u00ecm B\u1ea1n B\u1ed1n Ph\u01b0\u01a1ng Blog\",\"description\":\"H\u1ea1t Gi\u1ed1ng T\u00e2m H\u1ed3n, T\u00ecm B\u1ea1n B\u1ed1n Ph\u01b0\u01a1ng\",\"potentialAction\":[{\"@type\":\"SearchAction\",\"target\":{\"@type\":\"EntryPoint\",\"urlTemplate\":\"https:\/\/vietdating.us\/blog-vn\/?s={search_term_string}\"},\"query-input\":{\"@type\":\"PropertyValueSpecification\",\"valueRequired\":true,\"valueName\":\"search_term_string\"}}],\"inLanguage\":\"vi\"}]}<\/script>\n<!-- \/ Yoast SEO plugin. -->","yoast_head_json":{"title":"B\u1ea3o L\u00e3nh V\u1ee3 Ch\u1ed3ng - T\u00ecm B\u1ea1n B\u1ed1n Ph\u01b0\u01a1ng Blog","robots":{"index":"index","follow":"follow","max-snippet":"max-snippet:-1","max-image-preview":"max-image-preview:large","max-video-preview":"max-video-preview:-1"},"canonical":"https:\/\/vietdating.us\/blog-vn\/bao-lanh-vo-chong\/","og_locale":"vi_VN","og_type":"article","og_title":"B\u1ea3o L\u00e3nh V\u1ee3 Ch\u1ed3ng - T\u00ecm B\u1ea1n B\u1ed1n Ph\u01b0\u01a1ng Blog","og_description":"B\u1ea3o l\u00e3nh h\u00f4n th\u00ea, h\u00f4n phu, v\u1ee3 ho\u1eb7c ch\u1ed3ng sang n\u01b0\u1edbc ngo\u00e0i \u0111\u1ecbnh c\u01b0, qu\u00fd...","og_url":"https:\/\/vietdating.us\/blog-vn\/bao-lanh-vo-chong\/","og_site_name":"T\u00ecm B\u1ea1n B\u1ed1n Ph\u01b0\u01a1ng Blog","article_modified_time":"2017-03-10T23:12:40+00:00","twitter_card":"summary_large_image","twitter_misc":{"\u01af\u1edbc t\u00ednh th\u1eddi gian \u0111\u1ecdc":"2 ph\u00fat"},"schema":{"@context":"https:\/\/schema.org","@graph":[{"@type":"WebPage","@id":"https:\/\/vietdating.us\/blog-vn\/bao-lanh-vo-chong\/","url":"https:\/\/vietdating.us\/blog-vn\/bao-lanh-vo-chong\/","name":"B\u1ea3o L\u00e3nh V\u1ee3 Ch\u1ed3ng - T\u00ecm B\u1ea1n B\u1ed1n Ph\u01b0\u01a1ng Blog","isPartOf":{"@id":"https:\/\/vietdating.us\/blog-vn\/#website"},"primaryImageOfPage":{"@id":"https:\/\/vietdating.us\/blog-vn\/bao-lanh-vo-chong\/#primaryimage"},"image":{"@id":"https:\/\/vietdating.us\/blog-vn\/bao-lanh-vo-chong\/#primaryimage"},"thumbnailUrl":"https:\/\/tim-ban-bon-phuong.vietdating.us\/wp-content\/uploads\/2014\/11\/Dam-cuoi-Viet-Kieu.jpg","datePublished":"2014-11-01T14:23:24+00:00","dateModified":"2017-03-10T23:12:40+00:00","breadcrumb":{"@id":"https:\/\/vietdating.us\/blog-vn\/bao-lanh-vo-chong\/#breadcrumb"},"inLanguage":"vi","potentialAction":[{"@type":"ReadAction","target":["https:\/\/vietdating.us\/blog-vn\/bao-lanh-vo-chong\/"]}]},{"@type":"ImageObject","inLanguage":"vi","@id":"https:\/\/vietdating.us\/blog-vn\/bao-lanh-vo-chong\/#primaryimage","url":"https:\/\/tim-ban-bon-phuong.vietdating.us\/wp-content\/uploads\/2014\/11\/Dam-cuoi-Viet-Kieu.jpg","contentUrl":"https:\/\/tim-ban-bon-phuong.vietdating.us\/wp-content\/uploads\/2014\/11\/Dam-cuoi-Viet-Kieu.jpg"},{"@type":"BreadcrumbList","@id":"https:\/\/vietdating.us\/blog-vn\/bao-lanh-vo-chong\/#breadcrumb","itemListElement":[{"@type":"ListItem","position":1,"name":"Trang ch\u1ee7","item":"https:\/\/vietdating.us\/blog-vn\/"},{"@type":"ListItem","position":2,"name":"B\u1ea3o L\u00e3nh V\u1ee3 Ch\u1ed3ng"}]},{"@type":"WebSite","@id":"https:\/\/vietdating.us\/blog-vn\/#website","url":"https:\/\/vietdating.us\/blog-vn\/","name":"T\u00ecm B\u1ea1n B\u1ed1n Ph\u01b0\u01a1ng Blog","description":"H\u1ea1t Gi\u1ed1ng T\u00e2m H\u1ed3n, T\u00ecm B\u1ea1n B\u1ed1n Ph\u01b0\u01a1ng","potentialAction":[{"@type":"SearchAction","target":{"@type":"EntryPoint","urlTemplate":"https:\/\/vietdating.us\/blog-vn\/?s={search_term_string}"},"query-input":{"@type":"PropertyValueSpecification","valueRequired":true,"valueName":"search_term_string"}}],"inLanguage":"vi"}]}},"_links":{"self":[{"href":"https:\/\/vietdating.us\/blog-vn\/wp-json\/wp\/v2\/pages\/1256","targetHints":{"allow":["GET"]}}],"collection":[{"href":"https:\/\/vietdating.us\/blog-vn\/wp-json\/wp\/v2\/pages"}],"about":[{"href":"https:\/\/vietdating.us\/blog-vn\/wp-json\/wp\/v2\/types\/page"}],"author":[{"embeddable":true,"href":"https:\/\/vietdating.us\/blog-vn\/wp-json\/wp\/v2\/users\/1"}],"replies":[{"embeddable":true,"href":"https:\/\/vietdating.us\/blog-vn\/wp-json\/wp\/v2\/comments?post=1256"}],"version-history":[{"count":5,"href":"https:\/\/vietdating.us\/blog-vn\/wp-json\/wp\/v2\/pages\/1256\/revisions"}],"predecessor-version":[{"id":1983,"href":"https:\/\/vietdating.us\/blog-vn\/wp-json\/wp\/v2\/pages\/1256\/revisions\/1983"}],"wp:attachment":[{"href":"https:\/\/vietdating.us\/blog-vn\/wp-json\/wp\/v2\/media?parent=1256"}],"curies":[{"name":"wp","href":"https:\/\/api.w.org\/{rel}","templated":true}]}}