{"id":1096,"date":"2014-07-29T14:04:44","date_gmt":"2014-07-29T14:04:44","guid":{"rendered":"https:\/\/tim-ban-bon-phuong.vietdating.us\/?page_id=1096"},"modified":"2015-06-15T23:37:38","modified_gmt":"2015-06-15T23:37:38","slug":"hoi-tu-thien","status":"publish","type":"page","link":"https:\/\/vietdating.us\/blog-vn\/hoi-tu-thien\/","title":{"rendered":"H\u1ed9i T\u1eeb Thi\u1ec7n"},"content":{"rendered":"<p>V\u00ec sao c\u00f3 qu\u00e1 nhi\u1ec1u \u0111\u1ea1i gia &#8220;si\u00eau gi\u00e0u&#8221; nh\u01b0ng c\u0169ng c\u00f3 nh\u1eefng ng\u01b0\u1eddi &#8220;si\u00eau ngh\u00e8o&#8221; v\u00e0 \u0111\u1ea7y b\u1ea5t h\u1ea1nh tr\u00ean cu\u1ed9c \u0111\u1eddi n\u00e0y? T\u00f4i mu\u1ed1n vi\u1ebft trang n\u00e0y \u0111\u1ec3 li\u1ec7t k\u00ea v\u00e0i h\u1ed9i t\u1eeb thi\u1ec7n r\u1ea5t uy t\u00edn v\u00e0 ho\u1ea1t \u0111\u1ed9ng \u0111\u00fang nh\u1eefng g\u00ec m\u00e0 H\u1ed9i \u0111\u00e3 n\u1ec1u ra. L\u1ea7n v\u1ec1 Vi\u1ec7t Nam v\u00e0o n\u0103m 2013, t\u00f4i nh\u00ecn th\u1ea5y c\u00f3 qu\u00e1 nhi\u1ec1u ng\u01b0\u1eddi chi ti\u00eau l\u00ean \u0111\u1ebfn v\u00e0i tri\u1ec7u \u0111\u1ed3ng cho m\u1ed9t ch\u1ea7u nh\u1eadu. Nh\u01b0ng tr\u00ean v\u1ec9a h\u00e8 th\u00ec l\u1ea1i c\u00f3 qu\u00e1 nhi\u1ec1u em b\u00e9 b\u00e1n h\u00e0ng rong, v\u00e9 s\u1ed1 v\u1edbi mong \u01b0\u1edbc ki\u1ebfm \u0111\u01b0\u1ee3c v\u00e0i ch\u1ee5c ng\u00e0n m\u1ed5i ng\u00e0y \u0111\u1ec3 no b\u1ee5ng. Th\u00eam v\u00e0o \u0111\u00f3, n\u1ebfu ch\u00fang ta \u0111\u1ebfn c\u00e1c tr\u1ea1i phong c\u00f9i, tr\u1ebb em khuy\u1ebft t\u1eadt, ng\u01b0\u1eddi gi\u00e0 neo \u0111\u01a1n v\u00e0 c\u00e1c h\u1ed9i t\u1eeb thi\u1ec7n kh\u00e1c, ch\u00fang ta s\u1ebb \u0111\u1ed5 l\u1ec7 khi nh\u00ecn th\u1ea5y c\u00e1c m\u00e3nh \u0111\u1eddi h\u1ebft s\u1ee9c t\u1ed9i nghi\u1ec7p. Cho n\u00ean, ch\u00fang ta n\u00ean gi\u00fap \u0111\u1ee1 nh\u1eefng ng\u01b0\u1eddi k\u00e9m may m\u1eafng h\u01a1n ta.<\/p>\n<figure id=\"attachment_1263\" aria-describedby=\"caption-attachment-1263\" style=\"width: 568px\" class=\"wp-caption aligncenter\"><a href=\"https:\/\/tim-ban-bon-phuong.vietdating.us\/wp-content\/uploads\/2014\/07\/Nguoi-ngheo-tai-Vietnam.png\"><img loading=\"lazy\" decoding=\"async\" class=\"size-full wp-image-1263\" src=\"https:\/\/tim-ban-bon-phuong.vietdating.us\/wp-content\/uploads\/2014\/07\/Nguoi-ngheo-tai-Vietnam.png\" alt=\"Nguoi ngheo tai Vietnam\" width=\"568\" height=\"389\" srcset=\"https:\/\/vietdating.us\/blog-vn\/wp-content\/uploads\/2014\/07\/Nguoi-ngheo-tai-Vietnam.png 568w, https:\/\/vietdating.us\/blog-vn\/wp-content\/uploads\/2014\/07\/Nguoi-ngheo-tai-Vietnam-300x205.png 300w\" sizes=\"auto, (max-width: 568px) 100vw, 568px\" \/><\/a><figcaption id=\"caption-attachment-1263\" class=\"wp-caption-text\">Nguoi ngheo tai Vietnam<\/figcaption><\/figure>\n<figure id=\"attachment_1571\" aria-describedby=\"caption-attachment-1571\" style=\"width: 480px\" class=\"wp-caption aligncenter\"><a href=\"https:\/\/tim-ban-bon-phuong.vietdating.us\/wp-content\/uploads\/2014\/07\/Nha-giau-nha-ngheo.jpg\"><img loading=\"lazy\" decoding=\"async\" class=\"size-full wp-image-1571\" src=\"https:\/\/tim-ban-bon-phuong.vietdating.us\/wp-content\/uploads\/2014\/07\/Nha-giau-nha-ngheo.jpg\" alt=\"Nha giau - nha ngheo\" width=\"480\" height=\"340\" srcset=\"https:\/\/vietdating.us\/blog-vn\/wp-content\/uploads\/2014\/07\/Nha-giau-nha-ngheo.jpg 480w, https:\/\/vietdating.us\/blog-vn\/wp-content\/uploads\/2014\/07\/Nha-giau-nha-ngheo-300x213.jpg 300w\" sizes=\"auto, (max-width: 480px) 100vw, 480px\" \/><\/a><figcaption id=\"caption-attachment-1571\" class=\"wp-caption-text\">Nha giau &#8211; nha ngheo<\/figcaption><\/figure>\n<p><strong>H\u1ed9i B\u00e1c \u00c1i Phanxic\u00f4 &#8211; Franciscan Charity<\/strong><\/p>\n<p>H\u1ed9i B\u00e1c \u00c1i Phanxic\u00f4 l\u00e0 trung t\u00e2m t\u1eeb thi\u1ec7n nh\u1ea7m gi\u00fap \u0111\u1edf b\u00e0 con, anh em, ng\u01b0\u1eddi l\u1edbn, con n\u00edt c\u00f3 ho\u00e0n c\u1ea3nh \u0111au th\u01b0\u01a1ng v\u00e0 kh\u1ed1n c\u00f9ng. Ch\u00fang t\u00f4i l\u00e0m t\u1eeb thi\u1ec7n kh\u00f4ng ph\u00e2n bi\u1ec7t t\u00f4n gi\u00e1o, s\u1eafc t\u1ed9c, \u0111\u1ea3ng ph\u00e1i, v\u00e0 kh\u00f4ng ho\u1ea1t \u0111\u1ed9ng ch\u00ednh tr\u1ecb. Ch\u00fang t\u00f4i mu\u1ed1n gi\u00fap \u0111\u1ee1 nh\u1eefng ng\u01b0\u1eddi ngh\u00e8o kh\u1ed5 v\u1ec1 \u0111\u1ed3 \u0103n, th\u1ee9c u\u1ed1n, y t\u1ebf, gi\u00e1o d\u1ee5c v\u00e0 \u0111\u1eb7c bi\u1ec7t tr\u1ebb m\u1ed3 c\u00f4i khuy\u1ebft t\u1eadt. Franciscan Charity l\u00e0 m\u1ed9t h\u1ed9i t\u1eeb thi\u1ec7n v\u00f4 v\u1ecb l\u1ee3i(\u0111\u01b0\u1ee3c c\u00f4ng nh\u1eadn l\u00e0 Non-profit Organization. Gi\u00fap \u0111\u1ee1 c\u00e1c anh ch\u1ecb em ngh\u00e8o kh\u1ed5 t\u1ea1i qu\u00ea nh\u00e0 trong t\u00ecnh y\u00eau th\u01b0\u01a1ng. Ph\u01b0\u01a1ng c\u00e1ch l\u00e0m vi\u1ec7c c\u1ee7a H\u1ed9i l\u00e0 v\u1ec1 Vi\u1ec7t Nam v\u00e0 li\u00ean h\u1ec7 v\u1edbi c\u00e1c h\u1ed9i t\u1eeb thi\u1ec7n c\u00f3 uy t\u00edn v\u00e0 c\u00f3 th\u00e0nh t\u00edch t\u1eeb thi\u1ec7n, t\u1eeb B\u1eafc, Trung, v\u00e0 Nam. T\u1ea5t c\u1ea3 ti\u1ec1n \u0111\u00f3ng g\u00f3p c\u1ee7a qu\u00ed v\u1ecb s\u1ebb c\u00f3 gi\u1ea5y tr\u1eeb thu\u1ebf v\u00e0 t\u1ea5t c\u1ea3 ti\u1ec1n \u0111\u00f3ng g\u00f3p c\u1ee7a qu\u00ed v\u1ecb s\u1ebb \u0111\u01b0\u1ee3c trao t\u1eadn tay nh\u1eefng ng\u01b0\u1eddi ngh\u00e8o kh\u1ed5 t\u1ea1i qu\u00ea nh\u00e0.<\/p>\n<figure id=\"attachment_1097\" aria-describedby=\"caption-attachment-1097\" style=\"width: 550px\" class=\"wp-caption aligncenter\"><a href=\"https:\/\/tim-ban-bon-phuong.vietdating.us\/wp-content\/uploads\/2014\/07\/H\u1ed9i-B\u00e1c-\u00c1i-Phanxic\u00f4-Franciscan-Charity.png\"><img decoding=\"async\" class=\"size-full wp-image-1097\" src=\"https:\/\/tim-ban-bon-phuong.vietdating.us\/wp-content\/uploads\/2014\/07\/H\u1ed9i-B\u00e1c-\u00c1i-Phanxic\u00f4-Franciscan-Charity.png\" alt=\"H\u1ed9i B\u00e1c \u00c1i Phanxic\u00f4 - Franciscan Charity\" width=\"550\" srcset=\"https:\/\/vietdating.us\/blog-vn\/wp-content\/uploads\/2014\/07\/H\u1ed9i-B\u00e1c-\u00c1i-Phanxic\u00f4-Franciscan-Charity.png 698w, https:\/\/vietdating.us\/blog-vn\/wp-content\/uploads\/2014\/07\/H\u1ed9i-B\u00e1c-\u00c1i-Phanxic\u00f4-Franciscan-Charity-300x168.png 300w\" sizes=\"(max-width: 698px) 100vw, 698px\" \/><\/a><figcaption id=\"caption-attachment-1097\" class=\"wp-caption-text\">H\u1ed9i B\u00e1c \u00c1i Phanxic\u00f4 &#8211; Franciscan Charity<\/figcaption><\/figure>\n<p><span class=\"style4\"><span class=\"style10\"><strong><span class=\"style9\">PO Box 425120<br \/>\nSan Francisco,\u00a0 CA 94142, USA<br \/>\nPhone: 714-213-2111\/(415) 744-1491<br \/>\nEmail: <a href=\"mailto:info@hoibacaiphanxico.org\">info@hoibacaiphanxico.org<\/a><\/span><\/strong><\/span><\/span><\/p>\n<p><a href=\"https:\/\/hoibacaiphanxico.org\" target=\"_blank\">Xem chi ti\u1ebft v\u1ec1 H\u1ed9i B\u00e1c \u00c1i Phanxic\u00f4 &#8211; Franciscan Charity<\/a><\/p>\n<p><strong>H\u1ed9i T\u1eeb Thi\u1ec7n H\u1ed3ng An<\/strong><\/p>\n<p>H\u1ed9i H\u1ed3ng An mu\u1ed1n chia s\u1ebb v\u00e0 gi\u00fap \u0111\u1ee1 c\u00e1c c\u1ea3nh \u0111\u1eddi b\u1ea5t h\u1ea1nh, nh\u1eefng s\u1ef1 lo \u00e2u c\u1ee7a d\u00e2n ngh\u00e8o t\u1ea1i qu\u00ea nh\u00e0. \u0110\u01b0\u1ee3c k\u1ebft h\u1ed9p v\u1edbi 6 H\u1ed9i D\u00f2ng c\u00e1c S\u01a1 t\u1ea1i Vi\u1ec7t Nam l\u00e0 D\u00f2ng M\u00e2n C\u00f4i Trung Linh, d\u00f2ng Trinh V\u01b0\u01a1ng B\u00f9i Chu, D\u00f2ng \u0110a Minh B\u1eafc Ninh, Tu H\u1ed9i Hi\u1ec7p Nh\u1ea5t, d\u00f2ng M\u1ebfn Th\u00e1nh Gi\u00e1 Ph\u00e1t Di\u1ec7m (cho \u0111\u1ebfn cu\u1ed1i n\u0103m 2012), v\u00e0 d\u00f2ng \u0110a Minh Th\u00e1i B\u00ecnh. S\u1ef1 ph\u1ee5c v\u1ee5 v\u00f4 v\u1ecb l\u1ee3i c\u1ee7a c\u00e1c qu\u00fd S\u01a1 \u0111\u1ec3 gi\u00fap d\u00e2n ngh\u00e8o c\u00e1ch sinh ho\u1ea1t h\u00e0ng ng\u00e0y, n\u1ea5u \u0103n, v\u00e0 s\u1ee9c kh\u1ecfe. H\u1ed9i H\u1ed3ng An s\u1ebb l\u00e0m t\u1ea5t c\u1ea3 nh\u1eefng g\u00ec c\u00f3 th\u1ec3 \u0111\u1ec3 gi\u00fap b\u00e0 con, anh ch\u1ecb em, v\u00e0 tr\u1ebb em t\u1ea1i Vietnam.<\/p>\n<figure id=\"attachment_1100\" aria-describedby=\"caption-attachment-1100\" style=\"width: 413px\" class=\"wp-caption aligncenter\"><a href=\"https:\/\/tim-ban-bon-phuong.vietdating.us\/wp-content\/uploads\/2014\/07\/H\u1ed9i-T\u1eeb-Thi\u1ec7n-H\u1ed3ng-An.jpg\"><img loading=\"lazy\" decoding=\"async\" class=\"size-full wp-image-1100\" src=\"https:\/\/tim-ban-bon-phuong.vietdating.us\/wp-content\/uploads\/2014\/07\/H\u1ed9i-T\u1eeb-Thi\u1ec7n-H\u1ed3ng-An.jpg\" alt=\"H\u1ed9i T\u1eeb Thi\u1ec7n H\u1ed3ng An\" width=\"413\" height=\"249\" srcset=\"https:\/\/vietdating.us\/blog-vn\/wp-content\/uploads\/2014\/07\/H\u1ed9i-T\u1eeb-Thi\u1ec7n-H\u1ed3ng-An.jpg 413w, https:\/\/vietdating.us\/blog-vn\/wp-content\/uploads\/2014\/07\/H\u1ed9i-T\u1eeb-Thi\u1ec7n-H\u1ed3ng-An-300x180.jpg 300w\" sizes=\"auto, (max-width: 413px) 100vw, 413px\" \/><\/a><figcaption id=\"caption-attachment-1100\" class=\"wp-caption-text\">H\u1ed9i T\u1eeb Thi\u1ec7n H\u1ed3ng An<\/figcaption><\/figure>\n<p>\u0110\u1ecba ch\u1ec9: P.O. Box 310935, Houston, TX 77231-0935 &#8211; Email: htthongan1@gmail.com &#8211; Website: <a href=\"https:\/\/htthongan.com\" target=\"_blank\"> www.htthongan.com<\/a><\/p>\n","protected":false},"excerpt":{"rendered":"<p>V\u00ec sao c\u00f3 qu\u00e1 nhi\u1ec1u \u0111\u1ea1i gia &#8220;si\u00eau gi\u00e0u&#8221; nh\u01b0ng c\u0169ng c\u00f3 nh\u1eefng ng\u01b0\u1eddi &#8220;si\u00eau&#8230;<\/p>\n","protected":false},"author":1,"featured_media":0,"parent":0,"menu_order":0,"comment_status":"open","ping_status":"open","template":"","meta":{"footnotes":""},"class_list":["post-1096","page","type-page","status-publish","hentry"],"yoast_head":"<!-- This site is optimized with the Yoast SEO plugin v24.5 - https:\/\/yoast.com\/wordpress\/plugins\/seo\/ -->\n<title>H\u1ed9i T\u1eeb Thi\u1ec7n - T\u00ecm B\u1ea1n B\u1ed1n Ph\u01b0\u01a1ng Blog<\/title>\n<meta name=\"robots\" content=\"index, follow, max-snippet:-1, max-image-preview:large, max-video-preview:-1\" \/>\n<link rel=\"canonical\" href=\"https:\/\/vietdating.us\/blog-vn\/hoi-tu-thien\/\" \/>\n<meta property=\"og:locale\" content=\"vi_VN\" \/>\n<meta property=\"og:type\" content=\"article\" \/>\n<meta property=\"og:title\" content=\"H\u1ed9i T\u1eeb Thi\u1ec7n - T\u00ecm B\u1ea1n B\u1ed1n Ph\u01b0\u01a1ng Blog\" \/>\n<meta property=\"og:description\" content=\"V\u00ec sao c\u00f3 qu\u00e1 nhi\u1ec1u \u0111\u1ea1i gia &#8220;si\u00eau gi\u00e0u&#8221; nh\u01b0ng c\u0169ng c\u00f3 nh\u1eefng ng\u01b0\u1eddi &#8220;si\u00eau...\" \/>\n<meta property=\"og:url\" content=\"https:\/\/vietdating.us\/blog-vn\/hoi-tu-thien\/\" \/>\n<meta property=\"og:site_name\" content=\"T\u00ecm B\u1ea1n B\u1ed1n Ph\u01b0\u01a1ng Blog\" \/>\n<meta property=\"article:modified_time\" content=\"2015-06-15T23:37:38+00:00\" \/>\n<meta property=\"og:image\" content=\"https:\/\/vietdating.us\/blog-vn\/wp-content\/uploads\/2014\/07\/Nguoi-ngheo-tai-Vietnam.png\" \/>\n\t<meta property=\"og:image:width\" content=\"568\" \/>\n\t<meta property=\"og:image:height\" content=\"389\" \/>\n\t<meta property=\"og:image:type\" content=\"image\/png\" \/>\n<meta name=\"twitter:card\" content=\"summary_large_image\" \/>\n<meta name=\"twitter:label1\" content=\"\u01af\u1edbc t\u00ednh th\u1eddi gian \u0111\u1ecdc\" \/>\n\t<meta name=\"twitter:data1\" content=\"4 ph\u00fat\" \/>\n<script type=\"application\/ld+json\" class=\"yoast-schema-graph\">{\"@context\":\"https:\/\/schema.org\",\"@graph\":[{\"@type\":\"WebPage\",\"@id\":\"https:\/\/vietdating.us\/blog-vn\/hoi-tu-thien\/\",\"url\":\"https:\/\/vietdating.us\/blog-vn\/hoi-tu-thien\/\",\"name\":\"H\u1ed9i T\u1eeb Thi\u1ec7n - T\u00ecm B\u1ea1n B\u1ed1n Ph\u01b0\u01a1ng Blog\",\"isPartOf\":{\"@id\":\"https:\/\/vietdating.us\/blog-vn\/#website\"},\"primaryImageOfPage\":{\"@id\":\"https:\/\/vietdating.us\/blog-vn\/hoi-tu-thien\/#primaryimage\"},\"image\":{\"@id\":\"https:\/\/vietdating.us\/blog-vn\/hoi-tu-thien\/#primaryimage\"},\"thumbnailUrl\":\"https:\/\/tim-ban-bon-phuong.vietdating.us\/wp-content\/uploads\/2014\/07\/Nguoi-ngheo-tai-Vietnam.png\",\"datePublished\":\"2014-07-29T14:04:44+00:00\",\"dateModified\":\"2015-06-15T23:37:38+00:00\",\"breadcrumb\":{\"@id\":\"https:\/\/vietdating.us\/blog-vn\/hoi-tu-thien\/#breadcrumb\"},\"inLanguage\":\"vi\",\"potentialAction\":[{\"@type\":\"ReadAction\",\"target\":[\"https:\/\/vietdating.us\/blog-vn\/hoi-tu-thien\/\"]}]},{\"@type\":\"ImageObject\",\"inLanguage\":\"vi\",\"@id\":\"https:\/\/vietdating.us\/blog-vn\/hoi-tu-thien\/#primaryimage\",\"url\":\"https:\/\/tim-ban-bon-phuong.vietdating.us\/wp-content\/uploads\/2014\/07\/Nguoi-ngheo-tai-Vietnam.png\",\"contentUrl\":\"https:\/\/tim-ban-bon-phuong.vietdating.us\/wp-content\/uploads\/2014\/07\/Nguoi-ngheo-tai-Vietnam.png\"},{\"@type\":\"BreadcrumbList\",\"@id\":\"https:\/\/vietdating.us\/blog-vn\/hoi-tu-thien\/#breadcrumb\",\"itemListElement\":[{\"@type\":\"ListItem\",\"position\":1,\"name\":\"Trang ch\u1ee7\",\"item\":\"https:\/\/vietdating.us\/blog-vn\/\"},{\"@type\":\"ListItem\",\"position\":2,\"name\":\"H\u1ed9i T\u1eeb Thi\u1ec7n\"}]},{\"@type\":\"WebSite\",\"@id\":\"https:\/\/vietdating.us\/blog-vn\/#website\",\"url\":\"https:\/\/vietdating.us\/blog-vn\/\",\"name\":\"T\u00ecm B\u1ea1n B\u1ed1n Ph\u01b0\u01a1ng Blog\",\"description\":\"H\u1ea1t Gi\u1ed1ng T\u00e2m H\u1ed3n, T\u00ecm B\u1ea1n B\u1ed1n Ph\u01b0\u01a1ng\",\"potentialAction\":[{\"@type\":\"SearchAction\",\"target\":{\"@type\":\"EntryPoint\",\"urlTemplate\":\"https:\/\/vietdating.us\/blog-vn\/?s={search_term_string}\"},\"query-input\":{\"@type\":\"PropertyValueSpecification\",\"valueRequired\":true,\"valueName\":\"search_term_string\"}}],\"inLanguage\":\"vi\"}]}<\/script>\n<!-- \/ Yoast SEO plugin. -->","yoast_head_json":{"title":"H\u1ed9i T\u1eeb Thi\u1ec7n - T\u00ecm B\u1ea1n B\u1ed1n Ph\u01b0\u01a1ng Blog","robots":{"index":"index","follow":"follow","max-snippet":"max-snippet:-1","max-image-preview":"max-image-preview:large","max-video-preview":"max-video-preview:-1"},"canonical":"https:\/\/vietdating.us\/blog-vn\/hoi-tu-thien\/","og_locale":"vi_VN","og_type":"article","og_title":"H\u1ed9i T\u1eeb Thi\u1ec7n - T\u00ecm B\u1ea1n B\u1ed1n Ph\u01b0\u01a1ng Blog","og_description":"V\u00ec sao c\u00f3 qu\u00e1 nhi\u1ec1u \u0111\u1ea1i gia &#8220;si\u00eau gi\u00e0u&#8221; nh\u01b0ng c\u0169ng c\u00f3 nh\u1eefng ng\u01b0\u1eddi &#8220;si\u00eau...","og_url":"https:\/\/vietdating.us\/blog-vn\/hoi-tu-thien\/","og_site_name":"T\u00ecm B\u1ea1n B\u1ed1n Ph\u01b0\u01a1ng Blog","article_modified_time":"2015-06-15T23:37:38+00:00","og_image":[{"width":568,"height":389,"url":"https:\/\/vietdating.us\/blog-vn\/wp-content\/uploads\/2014\/07\/Nguoi-ngheo-tai-Vietnam.png","type":"image\/png"}],"twitter_card":"summary_large_image","twitter_misc":{"\u01af\u1edbc t\u00ednh th\u1eddi gian \u0111\u1ecdc":"4 ph\u00fat"},"schema":{"@context":"https:\/\/schema.org","@graph":[{"@type":"WebPage","@id":"https:\/\/vietdating.us\/blog-vn\/hoi-tu-thien\/","url":"https:\/\/vietdating.us\/blog-vn\/hoi-tu-thien\/","name":"H\u1ed9i T\u1eeb Thi\u1ec7n - T\u00ecm B\u1ea1n B\u1ed1n Ph\u01b0\u01a1ng Blog","isPartOf":{"@id":"https:\/\/vietdating.us\/blog-vn\/#website"},"primaryImageOfPage":{"@id":"https:\/\/vietdating.us\/blog-vn\/hoi-tu-thien\/#primaryimage"},"image":{"@id":"https:\/\/vietdating.us\/blog-vn\/hoi-tu-thien\/#primaryimage"},"thumbnailUrl":"https:\/\/tim-ban-bon-phuong.vietdating.us\/wp-content\/uploads\/2014\/07\/Nguoi-ngheo-tai-Vietnam.png","datePublished":"2014-07-29T14:04:44+00:00","dateModified":"2015-06-15T23:37:38+00:00","breadcrumb":{"@id":"https:\/\/vietdating.us\/blog-vn\/hoi-tu-thien\/#breadcrumb"},"inLanguage":"vi","potentialAction":[{"@type":"ReadAction","target":["https:\/\/vietdating.us\/blog-vn\/hoi-tu-thien\/"]}]},{"@type":"ImageObject","inLanguage":"vi","@id":"https:\/\/vietdating.us\/blog-vn\/hoi-tu-thien\/#primaryimage","url":"https:\/\/tim-ban-bon-phuong.vietdating.us\/wp-content\/uploads\/2014\/07\/Nguoi-ngheo-tai-Vietnam.png","contentUrl":"https:\/\/tim-ban-bon-phuong.vietdating.us\/wp-content\/uploads\/2014\/07\/Nguoi-ngheo-tai-Vietnam.png"},{"@type":"BreadcrumbList","@id":"https:\/\/vietdating.us\/blog-vn\/hoi-tu-thien\/#breadcrumb","itemListElement":[{"@type":"ListItem","position":1,"name":"Trang ch\u1ee7","item":"https:\/\/vietdating.us\/blog-vn\/"},{"@type":"ListItem","position":2,"name":"H\u1ed9i T\u1eeb Thi\u1ec7n"}]},{"@type":"WebSite","@id":"https:\/\/vietdating.us\/blog-vn\/#website","url":"https:\/\/vietdating.us\/blog-vn\/","name":"T\u00ecm B\u1ea1n B\u1ed1n Ph\u01b0\u01a1ng Blog","description":"H\u1ea1t Gi\u1ed1ng T\u00e2m H\u1ed3n, T\u00ecm B\u1ea1n B\u1ed1n Ph\u01b0\u01a1ng","potentialAction":[{"@type":"SearchAction","target":{"@type":"EntryPoint","urlTemplate":"https:\/\/vietdating.us\/blog-vn\/?s={search_term_string}"},"query-input":{"@type":"PropertyValueSpecification","valueRequired":true,"valueName":"search_term_string"}}],"inLanguage":"vi"}]}},"_links":{"self":[{"href":"https:\/\/vietdating.us\/blog-vn\/wp-json\/wp\/v2\/pages\/1096","targetHints":{"allow":["GET"]}}],"collection":[{"href":"https:\/\/vietdating.us\/blog-vn\/wp-json\/wp\/v2\/pages"}],"about":[{"href":"https:\/\/vietdating.us\/blog-vn\/wp-json\/wp\/v2\/types\/page"}],"author":[{"embeddable":true,"href":"https:\/\/vietdating.us\/blog-vn\/wp-json\/wp\/v2\/users\/1"}],"replies":[{"embeddable":true,"href":"https:\/\/vietdating.us\/blog-vn\/wp-json\/wp\/v2\/comments?post=1096"}],"version-history":[{"count":5,"href":"https:\/\/vietdating.us\/blog-vn\/wp-json\/wp\/v2\/pages\/1096\/revisions"}],"predecessor-version":[{"id":1572,"href":"https:\/\/vietdating.us\/blog-vn\/wp-json\/wp\/v2\/pages\/1096\/revisions\/1572"}],"wp:attachment":[{"href":"https:\/\/vietdating.us\/blog-vn\/wp-json\/wp\/v2\/media?parent=1096"}],"curies":[{"name":"wp","href":"https:\/\/api.w.org\/{rel}","templated":true}]}}